{"id":3729,"date":"2012-02-09T15:38:48","date_gmt":"2012-02-09T15:38:48","guid":{"rendered":"https:\/\/certunion.com\/certification\/iso-14001\/"},"modified":"2026-03-20T11:41:27","modified_gmt":"2026-03-20T10:41:27","slug":"iso-14001","status":"publish","type":"page","link":"https:\/\/certunion.com\/en\/certification\/iso-14001\/","title":{"rendered":"ISO 14001"},"content":{"rendered":"<div class=\"col31\">\n<h3>K\u00f6rnyezettudatoss\u00e1g<\/h3>\n<p><strong>Mik\u00e9nt kapcsol\u00f3dik egy k\u00f6rnyezetk\u00f6zpont\u00fa ir\u00e1ny\u00edt\u00e1si rendszer a fentiekben felsoroltakhoz?<\/strong><\/p>\n<p>Mint sz\u00e1mos \u00e1gazatnak &#8211; informatika, \u00e9lelmiszerbiztons\u00e1g, munkahelyi eg\u00e9szs\u00e9gv\u00e9delem stb. &#8211; , \u00edgy a k\u00f6rnyezetv\u00e9delemnek is van egy olyan nemzetk\u00f6zileg elfogadott k\u00f6vetelm\u00e9nyrendszere, amely k\u00f6vetelm\u00e9nyeknek val\u00f3 megfelel\u00e9s kidolgoz\u00e1s\u00e1val, betart\u00e1s\u00e1val, folyamatos figyelemmel k\u00eds\u00e9r\u00e9s\u00e9vel \u00e9s fejleszt\u00e9s\u00e9vel valamennyi szervezet hozz\u00e1j\u00e1rulhat ahhoz, hogy k\u00f6rnyezet\u00fcnk meg\u00f3v\u00e1sa \u00e9rdek\u00e9ben jelent\u0151s l\u00e9p\u00e9seket tegy\u00fcnk.<\/p>\n<p><b>Hogyan m\u0171k\u00f6dik?<\/b><br \/>\nA min\u0151s\u00e9gir\u00e1ny\u00edt\u00e1shoz hasonl\u00f3an szint\u00e9n egy menedzsmenteszk\u00f6zr\u0151l van sz\u00f3, amely keretet biztos\u00edt ahhoz, hogy k\u00f6rnyezet\u00fcnkkel olyan k\u00f6lcs\u00f6nhat\u00e1sban \u00e9lj\u00fcnk, amely bemutatja tudatoss\u00e1gunkat, elk\u00f6telezetts\u00e9g\u00fcnket \u00e9s azon sz\u00e1nd\u00e9kainkat, amelyekkel szervezet\u00fcnk folyamatos fejl\u0151d\u00e9se szinergi\u00e1ban van a fenntarthat\u00f3s\u00e1ggal.<\/p>\n<p>A k\u00f6rnyezetk\u00f6zpont\u00fa ir\u00e1ny\u00edt\u00e1si rendszerek \u00e9s az ezt m\u0171k\u00f6dtet\u0151 szervezetek elk\u00f6telezetts\u00e9g\u00e9ben \u00e9s gondolkod\u00e1s\u00e1ban a k\u00f6rnyezet \u00e1ll a k\u00f6z\u00e9ppontban. Ezen centrumb\u00f3l kifoly\u00f3lag, a vezet\u0151s\u00e9g valamennyi d\u00f6nt\u00e9s\u00e9t \u00fagy hozza, hogy a k\u00f6rnyezeti terhel\u00e9seket, k\u00f6rnyezeti t\u00e9nyez\u0151ket \u00e9s azok hat\u00e1sait elemzi \u00e9s m\u00e9rlegeli.<\/p>\n<\/div>\n<div class=\"col31\"><a class=\"button\" style=\"font-size: 18px; text-decoration: none;\" href=\"https:\/\/certunion.com\/en\/ask-for-request\/\">AJ\u00c1NLATOT K\u00c9REK<\/a><\/p>\n<p style=\"text-align: center;\"><a href=\"https:\/\/certunion.com\/en\/ask-for-request\/\">\u00c9rdekel az ISO 14001 tan\u00fas\u00edt\u00e1s<\/a><\/p>\n<div class=\"su-spacer\" style=\"height:20px\"><\/div>\n<h3>AZ ISO 14001 el\u0151nyei<\/h3>\n<ul>\n<li>A m\u00e1r megl\u00e9v\u0151 tev\u00e9kenys\u00e9geib\u0151l sz\u00e1rmaz\u00f3 k\u00f6rnyezeti hat\u00e1sokr\u00f3l \u00e9s azok m\u00e9rt\u00e9k\u00e9r\u0151l, \u00f6sszefoglal\u00f3 objekt\u00edv k\u00e9pet kap a szervezet vezet\u00e9se.<\/li>\n<li>Ezt k\u00f6vet\u0151en, minden ir\u00e1ny\u00fa fejleszt\u00e9si t\u00f6rekv\u00e9seit k\u00f6rnyezettudatosan v\u00e9gzi, er\u0151s\u00edtve ezzel t\u00e1rsadalmi szerepv\u00e1llal\u00e1s\u00e1t.<\/li>\n<li>Seg\u00edt a szakhat\u00f3s\u00e1gi, jogszab\u00e1lyi vagy egy\u00e9b m\u00e1s el\u0151\u00edr\u00e1soknak val\u00f3 gyors, naprak\u00e9sz megfelel\u00e9sben.<br \/>\nEzen ir\u00e1ny\u00edt\u00e1si rendszer m\u0171k\u00f6dtet\u00e9se kapcs\u00e1n is \u00fajabb p\u00e1ly\u00e1zati lehet\u0151s\u00e9gek, piacok ny\u00edlhatnak meg a szervezet el\u0151tt.<\/li>\n<li>Az \u00faj \u00e9s egyben nemzetk\u00f6zi piacok szerepl\u0151i &#8211; aki sz\u00e1m\u00e1ra szint\u00e9n fontos a k\u00f6rnyezettudatos szeml\u00e9letm\u00f3d &#8211; meg\u00edt\u00e9l\u00e9s\u00e9ben a vev\u0151i bizalom er\u0151sebb, mint m\u00e1s szervezetekkel szemben.<\/li>\n<\/ul>\n<\/div>\n<div class=\"col31\">\n<h3>Hogyan seg\u00edthet\u00fcnk?<\/h3>\n<p>A tan\u00fas\u00edtv\u00e1ny megszerz\u00e9s\u00e9nek f\u0151 l\u00e9p\u00e9sei:<\/p>\n<ul>\n<li>T\u00e1j\u00e9koztat\u00e1s, konzult\u00e1ci\u00f3<\/li>\n<li>Regisztr\u00e1ci\u00f3<\/li>\n<li>Kezdeti tan\u00fas\u00edt\u00e1s<\/li>\n<li>Okirat ki\u00e1ll\u00edt\u00e1s<\/li>\n<\/ul>\n<p><span style=\"color: #ae416b; font-weight: bold;\">\u00bb <a style=\"color: #ae416b; font-weight: bold;\" href=\"https:\/\/certunion.com\/en\/certification\/integrated-audit\/\">Integr\u00e1lt ir\u00e1ny\u00edt\u00e1si rendszer<\/a><\/span><br \/>\n<span style=\"font-size: 12px;\">ISO 9001, ISO 14001, ISO 27001, MSZ 28001<\/span><\/p>\n<p><strong>\u00bb <a href=\"http:\/\/certunion.com\/wp-content\/uploads\/2012\/02\/Tanusitasi_Szerzodeses_Feltetelek_v6.pdf\" target=\"_blank\" rel=\"noopener noreferrer\">Tan\u00fas\u00edt\u00e1si Szerz\u0151d\u00e9ses Felt\u00e9telek<\/a><\/strong><\/p>\n<p>A CertUnion akkredit\u00e1l\u00e1si okiratai:<\/p>\n<p><a class=\"pdf\" href=\"https:\/\/certunion.com\/wp-content\/uploads\/2019\/05\/NAH-4-0108-2019_MIR-KIR_akkreditalasi-okirat_2019.pdf\" target=\"_blank\" rel=\"noopener noreferrer\">Akkredit\u00e1l\u00e1si okirat ISO 14001<\/a><br \/>\n<a class=\"pdf\" href=\"https:\/\/certunion.com\/wp-content\/uploads\/2019\/05\/NAH-4-0108-2019_MIR-KIR_reszletezo-okirat_2019.pdf\" target=\"_blank\" rel=\"noopener noreferrer\">Akkredit\u00e1ci\u00f3 r\u00e9szletez\u0151 okirat ISO 14001<\/a><\/p>\n<\/div>\n","protected":false},"excerpt":{"rendered":"<p>K\u00f6rnyezettudatoss\u00e1g Mik\u00e9nt kapcsol\u00f3dik egy k\u00f6rnyezetk\u00f6zpont\u00fa ir\u00e1ny\u00edt\u00e1si rendszer a fentiekben felsoroltakhoz? Mint sz\u00e1mos \u00e1gazatnak &#8211; informatika, \u00e9lelmiszerbiztons\u00e1g, munkahelyi eg\u00e9szs\u00e9gv\u00e9delem stb. &#8211; , \u00edgy a k\u00f6rnyezetv\u00e9delemnek is van egy olyan nemzetk\u00f6zileg elfogadott k\u00f6vetelm\u00e9nyrendszere, amely k\u00f6vetelm\u00e9nyeknek val\u00f3 megfelel\u00e9s<span class=\"excerpt-hellip\"> [\u2026]<\/span><\/p>\n","protected":false},"author":5,"featured_media":0,"parent":3723,"menu_order":2,"comment_status":"open","ping_status":"closed","template":"","meta":{"footnotes":""},"class_list":["post-3729","page","type-page","status-publish","hentry"],"yoast_head":"<!-- This site is optimized with the Yoast SEO plugin v27.5 - https:\/\/yoast.com\/product\/yoast-seo-wordpress\/ -->\n<title>ISO 14001 Certification | CertUnion<\/title>\n<meta name=\"description\" content=\"ISO 14001 Certification: CertUnion is constantly working on, certifies management system would work a most efficient way for your company.\" \/>\n<meta name=\"robots\" content=\"index, follow, max-snippet:-1, max-image-preview:large, max-video-preview:-1\" \/>\n<link rel=\"canonical\" href=\"https:\/\/certunion.com\/tanusitas\/iso-14001\/\" \/>\n<meta property=\"og:locale\" content=\"en_US\" \/>\n<meta property=\"og:type\" content=\"article\" \/>\n<meta property=\"og:title\" content=\"ISO 14001 Certification | CertUnion\" \/>\n<meta property=\"og:description\" content=\"ISO 14001 Certification: CertUnion is constantly working on, certifies management system would work a most efficient way for your company.\" \/>\n<meta property=\"og:url\" content=\"https:\/\/certunion.com\/tanusitas\/iso-14001\/\" \/>\n<meta property=\"og:site_name\" content=\"CertUnion\" \/>\n<meta property=\"article:publisher\" content=\"https:\/\/www.facebook.com\/CertUnion\" \/>\n<meta property=\"article:modified_time\" content=\"2026-03-20T10:41:27+00:00\" \/>\n<meta name=\"twitter:label1\" content=\"Est. reading time\" \/>\n\t<meta name=\"twitter:data1\" content=\"2 minutes\" \/>\n<script type=\"application\/ld+json\" class=\"yoast-schema-graph\">{\"@context\":\"https:\\\/\\\/schema.org\",\"@graph\":[{\"@type\":\"WebPage\",\"@id\":\"https:\\\/\\\/certunion.com\\\/tanusitas\\\/iso-14001\\\/\",\"url\":\"https:\\\/\\\/certunion.com\\\/tanusitas\\\/iso-14001\\\/\",\"name\":\"ISO 14001 Certification | CertUnion\",\"isPartOf\":{\"@id\":\"https:\\\/\\\/certunion.com\\\/#website\"},\"datePublished\":\"2012-02-09T15:38:48+00:00\",\"dateModified\":\"2026-03-20T10:41:27+00:00\",\"description\":\"ISO 14001 Certification: CertUnion is constantly working on, certifies management system would work a most efficient way for your company.\",\"breadcrumb\":{\"@id\":\"https:\\\/\\\/certunion.com\\\/tanusitas\\\/iso-14001\\\/#breadcrumb\"},\"inLanguage\":\"en-US\",\"potentialAction\":[{\"@type\":\"ReadAction\",\"target\":[\"https:\\\/\\\/certunion.com\\\/tanusitas\\\/iso-14001\\\/\"]}]},{\"@type\":\"BreadcrumbList\",\"@id\":\"https:\\\/\\\/certunion.com\\\/tanusitas\\\/iso-14001\\\/#breadcrumb\",\"itemListElement\":[{\"@type\":\"ListItem\",\"position\":1,\"name\":\"Home\",\"item\":\"https:\\\/\\\/certunion.com\\\/en\\\/\"},{\"@type\":\"ListItem\",\"position\":2,\"name\":\"Certification en\",\"item\":\"https:\\\/\\\/certunion.com\\\/en\\\/certification\\\/\"},{\"@type\":\"ListItem\",\"position\":3,\"name\":\"ISO 14001\"}]},{\"@type\":\"WebSite\",\"@id\":\"https:\\\/\\\/certunion.com\\\/#website\",\"url\":\"https:\\\/\\\/certunion.com\\\/\",\"name\":\"CertUnion\",\"description\":\"Sz\u00f6vets\u00e9g a tan\u00fas\u00edt\u00e1sban\",\"potentialAction\":[{\"@type\":\"SearchAction\",\"target\":{\"@type\":\"EntryPoint\",\"urlTemplate\":\"https:\\\/\\\/certunion.com\\\/?s={search_term_string}\"},\"query-input\":{\"@type\":\"PropertyValueSpecification\",\"valueRequired\":true,\"valueName\":\"search_term_string\"}}],\"inLanguage\":\"en-US\"}]}<\/script>\n<!-- \/ Yoast SEO plugin. -->","yoast_head_json":{"title":"ISO 14001 Certification | CertUnion","description":"ISO 14001 Certification: CertUnion is constantly working on, certifies management system would work a most efficient way for your company.","robots":{"index":"index","follow":"follow","max-snippet":"max-snippet:-1","max-image-preview":"max-image-preview:large","max-video-preview":"max-video-preview:-1"},"canonical":"https:\/\/certunion.com\/tanusitas\/iso-14001\/","og_locale":"en_US","og_type":"article","og_title":"ISO 14001 Certification | CertUnion","og_description":"ISO 14001 Certification: CertUnion is constantly working on, certifies management system would work a most efficient way for your company.","og_url":"https:\/\/certunion.com\/tanusitas\/iso-14001\/","og_site_name":"CertUnion","article_publisher":"https:\/\/www.facebook.com\/CertUnion","article_modified_time":"2026-03-20T10:41:27+00:00","twitter_misc":{"Est. reading time":"2 minutes"},"schema":{"@context":"https:\/\/schema.org","@graph":[{"@type":"WebPage","@id":"https:\/\/certunion.com\/tanusitas\/iso-14001\/","url":"https:\/\/certunion.com\/tanusitas\/iso-14001\/","name":"ISO 14001 Certification | CertUnion","isPartOf":{"@id":"https:\/\/certunion.com\/#website"},"datePublished":"2012-02-09T15:38:48+00:00","dateModified":"2026-03-20T10:41:27+00:00","description":"ISO 14001 Certification: CertUnion is constantly working on, certifies management system would work a most efficient way for your company.","breadcrumb":{"@id":"https:\/\/certunion.com\/tanusitas\/iso-14001\/#breadcrumb"},"inLanguage":"en-US","potentialAction":[{"@type":"ReadAction","target":["https:\/\/certunion.com\/tanusitas\/iso-14001\/"]}]},{"@type":"BreadcrumbList","@id":"https:\/\/certunion.com\/tanusitas\/iso-14001\/#breadcrumb","itemListElement":[{"@type":"ListItem","position":1,"name":"Home","item":"https:\/\/certunion.com\/en\/"},{"@type":"ListItem","position":2,"name":"Certification en","item":"https:\/\/certunion.com\/en\/certification\/"},{"@type":"ListItem","position":3,"name":"ISO 14001"}]},{"@type":"WebSite","@id":"https:\/\/certunion.com\/#website","url":"https:\/\/certunion.com\/","name":"CertUnion","description":"Sz\u00f6vets\u00e9g a tan\u00fas\u00edt\u00e1sban","potentialAction":[{"@type":"SearchAction","target":{"@type":"EntryPoint","urlTemplate":"https:\/\/certunion.com\/?s={search_term_string}"},"query-input":{"@type":"PropertyValueSpecification","valueRequired":true,"valueName":"search_term_string"}}],"inLanguage":"en-US"}]}},"_links":{"self":[{"href":"https:\/\/certunion.com\/en\/wp-json\/wp\/v2\/pages\/3729","targetHints":{"allow":["GET"]}}],"collection":[{"href":"https:\/\/certunion.com\/en\/wp-json\/wp\/v2\/pages"}],"about":[{"href":"https:\/\/certunion.com\/en\/wp-json\/wp\/v2\/types\/page"}],"author":[{"embeddable":true,"href":"https:\/\/certunion.com\/en\/wp-json\/wp\/v2\/users\/5"}],"replies":[{"embeddable":true,"href":"https:\/\/certunion.com\/en\/wp-json\/wp\/v2\/comments?post=3729"}],"version-history":[{"count":1,"href":"https:\/\/certunion.com\/en\/wp-json\/wp\/v2\/pages\/3729\/revisions"}],"predecessor-version":[{"id":3732,"href":"https:\/\/certunion.com\/en\/wp-json\/wp\/v2\/pages\/3729\/revisions\/3732"}],"up":[{"embeddable":true,"href":"https:\/\/certunion.com\/en\/wp-json\/wp\/v2\/pages\/3723"}],"wp:attachment":[{"href":"https:\/\/certunion.com\/en\/wp-json\/wp\/v2\/media?parent=3729"}],"curies":[{"name":"wp","href":"https:\/\/api.w.org\/{rel}","templated":true}]}}