{"id":3740,"date":"2012-02-09T16:23:19","date_gmt":"2012-02-09T16:23:19","guid":{"rendered":"https:\/\/certunion.com\/certification\/ohsas-18001\/"},"modified":"2026-03-20T11:41:59","modified_gmt":"2026-03-20T10:41:59","slug":"iso-45001","status":"publish","type":"page","link":"https:\/\/certunion.com\/en\/certification\/iso-45001\/","title":{"rendered":"ISO 45001"},"content":{"rendered":"<div class=\"col31\">\n<h3>Eg\u00e9szs\u00e9gv\u00e9delem<\/h3>\n<p><strong>\u00d6sszesz\u00e1molta m\u00e1r, hogy egy \u00e9vben h\u00e1ny napot t\u00f6ltenek munkat\u00e1rsai t\u00e1pp\u00e9nzen olyan probl\u00e9m\u00e1kb\u00f3l kifoly\u00f3lag, melyek megel\u0151zhet\u0151ek lettek volna, \u00e9s ez milyen kies\u00e9sekkel j\u00e1r a szervezetnek?<\/strong><\/p>\n<p>Amennyiben m\u00e1r foglalkozott ezekkel a probl\u00e9m\u00e1kkal, bizony\u00e1ra \u00d6n is tal\u00e1lkozott a jogszab\u00e1lyi kereteken t\u00fal nemzetk\u00f6zi el\u0151\u00edr\u00e1sokkal, amelyek egyfajta eszk\u00f6zk\u00e9nt \u00e1llnak rendelkez\u00e9s\u00e9re annak \u00e9rdek\u00e9ben, hogy munkat\u00e1rsai eg\u00e9szs\u00e9gesen \u00e9s biztons\u00e1gosan v\u00e9gezz\u00e9k feladataikat nap mint nap.<\/p>\n<p><strong>Mit jelent a munkahelyi eg\u00e9szs\u00e9gv\u00e9delem \u00e9s biztons\u00e1g ir\u00e1ny\u00edt\u00e1si rendszer?<\/strong><\/p>\n<p>Olyan objekt\u00edv t\u00e9nyeken \u00e9s kock\u00e1zat\u00e9rt\u00e9kel\u00e9sen alapul\u00f3 menedzsmentrendszert, amely kidolgoz\u00e1sa \u00e9s folyamatos karbantart\u00e1sa, fejleszt\u00e9se seg\u00edts\u00e9g\u00e9vel a szervezet fels\u0151 vezet\u0151s\u00e9ge objekt\u00edv \u00e9rt\u00e9kel\u00e9seken alapul\u00f3 d\u00f6nt\u00e9seket hozhat annak \u00e9rdek\u00e9ben, hogy munkat\u00e1rsai eg\u00e9szs\u00e9g\u00e9t \u00e9s munkahelyi biztons\u00e1g\u00e1t milyen m\u00f3don k\u00edv\u00e1nja fejleszteni, jobb\u00e1 tenni a t\u00f6rv\u00e9nyes kereteken t\u00falmutat\u00f3an.<\/p>\n<p>Ilyen keretrendszert ad, az MSZ 28001 (OHSAS 18001 &#8211; Occupational Health and Safety) \u2013 magyar r\u00f6vid\u00edt\u00e9se szerint MEBIR &#8211; szabv\u00e1ny, melynek alkalmaz\u00e1sa \u00f6nk\u00e9ntes.<\/p>\n<\/div>\n<div class=\"col31\">\n<p><a class=\"button\" style=\"font-size: 18px; text-decoration: none;\" href=\"https:\/\/certunion.com\/en\/ask-for-request\/\">AJ\u00c1NLATOT K\u00c9REK<\/a><\/p>\n<p style=\"text-align: center;\"><a href=\"https:\/\/certunion.com\/en\/ask-for-request\/\">\u00c9rdekel az MSZ 28001 tan\u00fas\u00edt\u00e1s<\/a><\/p>\n<div class=\"su-spacer\" style=\"height:20px\"><\/div>\n<h3>A rendszer el\u0151nyei<\/h3>\n<p>A bels\u0151 meg\u00edt\u00e9l\u00e9s szempontj\u00e1b\u00f3l:<\/p>\n<ul>\n<li>munkat\u00e1rsai, alkalmazottai el\u00e9gedetts\u00e9ge n\u0151 az\u00e1ltal, hogy \u00e9rzik munk\u00e1ltat\u00f3juk figyelm\u00e9t, t\u00f6r\u0151d\u00e9s\u00e9t eg\u00e9szs\u00e9gi \u00e1llapotuk ir\u00e1nt.<\/li>\n<li>cs\u00f6kkennek a t\u00e1pp\u00e9nzes napok sz\u00e1mai, amely a szervezet sz\u00e1m\u00e1ra cs\u00f6kkenti a termel\u00e9skies\u00e9sb\u0151l sz\u00e1rmaz\u00f3 bev\u00e9telkies\u00e9st, \u00f6sszess\u00e9g\u00e9ben n\u00f6veli a hat\u00e9konys\u00e1got.<\/li>\n<li>a \u201emajdnem balesetek\u201d megfelel\u0151 s\u00faly\u00fa \u00e9rt\u00e9kel\u00e9s\u00e9vel \u00e9s kezel\u00e9s\u00e9vel folyamatosan n\u0151 a munkat\u00e1rsak biztons\u00e1g\u00e9rzete, bizalma, amely alacsonyabb fluktu\u00e1ci\u00f3hoz is vezethet, biztos\u00edtva ezzel a stabil, megb\u00edzhat\u00f3 munkaer\u0151t a munk\u00e1ltat\u00f3 sz\u00e1m\u00e1ra.<\/li>\n<\/ul>\n<\/div>\n<div class=\"col31\">\n<h3>A rendszer el\u0151nyei<\/h3>\n<p>K\u00fcls\u0151 meg\u00edt\u00e9l\u00e9s szempontj\u00e1b\u00f3l:<\/p>\n<ul>\n<li>a munka\u00fcgyi ellen\u0151rz\u00e9sek alkalm\u00e1val gyorsan \u00e9s k\u00f6nnyen tud reag\u00e1lni a szervezet illet\u00e9kes vezet\u0151je a hat\u00f3s\u00e1g \u00e1ltal vizsg\u00e1lni k\u00edv\u00e1nt dokumentumok, adatok tekintet\u00e9ben.<\/li>\n<li>megny\u00edlnak olyan piacok is a szervezet sz\u00e1mra, amelyek eddig nem voltak el\u00e9rhet\u0151ek a tan\u00fas\u00edtott MEBIR&nbsp;rendszer hi\u00e1nya miatt.<\/li>\n<li>j\u00f3 kapcsolat alakul ki mind az azonos ter\u00fcleten tev\u00e9kenyked\u0151 piaci szerepl\u0151k, a munkav\u00e1llal\u00f3k \u00e9s a hat\u00f3s\u00e1gok k\u00f6z\u00f6tt, biztos\u00edtva egyfajta kommunik\u00e1ci\u00f3s keretet a benchmarkingra, amely tov\u00e1bbi fejleszt\u00e9si lehet\u0151s\u00e9geket nyit meg a szervezet sz\u00e1m\u00e1ra.<\/li>\n<\/ul>\n<p><span style=\"color: #ae416b; font-weight: bold;\">\u00bb <a style=\"color: #ae416b; font-weight: bold;\" href=\"https:\/\/certunion.com\/en\/certification\/integrated-audit\/\">Integr\u00e1lt ir\u00e1ny\u00edt\u00e1si rendszer<\/a><\/span><br \/>\n<span style=\"font-size: 12px;\">ISO 9001, ISO 14001, ISO 27001, MSZ 28001<\/span><\/p>\n<p><strong>\u00bb <a href=\"http:\/\/certunion.com\/wp-content\/uploads\/2012\/02\/Tanusitasi_Szerzodeses_Feltetelek_v6.pdf\" target=\"_blank\" rel=\"noopener noreferrer\">Tan\u00fas\u00edt\u00e1si Szerz\u0151d\u00e9ses Felt\u00e9telek<\/a><\/strong><\/p>\n<p>A CertUnion akkredit\u00e1l\u00e1si okiratai:<\/p>\n<p><a href=\"\/wp-content\/uploads\/2017\/04\/NAH-4-0122-2013_MEBIR_modositott_akkreditalasi_okirat_2017_szarazbelyegzos.pdf\">Akkredit\u00e1l\u00e1si okirat MSZ&nbsp;28001<\/a><br \/>\n<a href=\"http:\/\/certunion.com\/wp-content\/uploads\/2012\/02\/NAT-4-0122-2013_r\u00e9szletez\u0151-okirat.pdf\">Akkredit\u00e1ci\u00f3 r\u00e9szletez\u0151 okirat MSZ 28001<\/a><\/p>\n<\/div>\n","protected":false},"excerpt":{"rendered":"<p>Eg\u00e9szs\u00e9gv\u00e9delem \u00d6sszesz\u00e1molta m\u00e1r, hogy egy \u00e9vben h\u00e1ny napot t\u00f6ltenek munkat\u00e1rsai t\u00e1pp\u00e9nzen olyan probl\u00e9m\u00e1kb\u00f3l kifoly\u00f3lag, melyek megel\u0151zhet\u0151ek lettek volna, \u00e9s ez milyen kies\u00e9sekkel j\u00e1r a szervezetnek? Amennyiben m\u00e1r foglalkozott ezekkel a probl\u00e9m\u00e1kkal, bizony\u00e1ra \u00d6n is tal\u00e1lkozott<span class=\"excerpt-hellip\"> [\u2026]<\/span><\/p>\n","protected":false},"author":5,"featured_media":0,"parent":3723,"menu_order":4,"comment_status":"open","ping_status":"open","template":"","meta":{"footnotes":""},"class_list":["post-3740","page","type-page","status-publish","hentry"],"yoast_head":"<!-- This site is optimized with the Yoast SEO plugin v27.5 - https:\/\/yoast.com\/product\/yoast-seo-wordpress\/ -->\n<title>ISO 45001 - CertUnion<\/title>\n<meta name=\"description\" content=\"OHSAS 18001. CertUnion is constantly working on, certifies management system would work a most efficient way for your company.\" \/>\n<meta name=\"robots\" content=\"index, follow, max-snippet:-1, max-image-preview:large, max-video-preview:-1\" \/>\n<link rel=\"canonical\" href=\"https:\/\/certunion.com\/tanusitas\/ohsas-18001\/\" \/>\n<meta property=\"og:locale\" content=\"en_US\" \/>\n<meta property=\"og:type\" content=\"article\" \/>\n<meta property=\"og:title\" content=\"ISO 45001 - CertUnion\" \/>\n<meta property=\"og:description\" content=\"OHSAS 18001. CertUnion is constantly working on, certifies management system would work a most efficient way for your company.\" \/>\n<meta property=\"og:url\" content=\"https:\/\/certunion.com\/tanusitas\/ohsas-18001\/\" \/>\n<meta property=\"og:site_name\" content=\"CertUnion\" \/>\n<meta property=\"article:publisher\" content=\"https:\/\/www.facebook.com\/CertUnion\" \/>\n<meta property=\"article:modified_time\" content=\"2026-03-20T10:41:59+00:00\" \/>\n<meta name=\"twitter:label1\" content=\"Est. reading time\" \/>\n\t<meta name=\"twitter:data1\" content=\"2 minutes\" \/>\n<script type=\"application\/ld+json\" class=\"yoast-schema-graph\">{\"@context\":\"https:\\\/\\\/schema.org\",\"@graph\":[{\"@type\":\"WebPage\",\"@id\":\"https:\\\/\\\/certunion.com\\\/tanusitas\\\/iso-45001\\\/\",\"url\":\"https:\\\/\\\/certunion.com\\\/tanusitas\\\/ohsas-18001\\\/\",\"name\":\"ISO 45001 - CertUnion\",\"isPartOf\":{\"@id\":\"https:\\\/\\\/certunion.com\\\/#website\"},\"datePublished\":\"2012-02-09T16:23:19+00:00\",\"dateModified\":\"2026-03-20T10:41:59+00:00\",\"description\":\"OHSAS 18001. CertUnion is constantly working on, certifies management system would work a most efficient way for your company.\",\"breadcrumb\":{\"@id\":\"https:\\\/\\\/certunion.com\\\/tanusitas\\\/ohsas-18001\\\/#breadcrumb\"},\"inLanguage\":\"en-US\",\"potentialAction\":[{\"@type\":\"ReadAction\",\"target\":[\"https:\\\/\\\/certunion.com\\\/tanusitas\\\/ohsas-18001\\\/\"]}]},{\"@type\":\"BreadcrumbList\",\"@id\":\"https:\\\/\\\/certunion.com\\\/tanusitas\\\/ohsas-18001\\\/#breadcrumb\",\"itemListElement\":[{\"@type\":\"ListItem\",\"position\":1,\"name\":\"Home\",\"item\":\"https:\\\/\\\/certunion.com\\\/en\\\/\"},{\"@type\":\"ListItem\",\"position\":2,\"name\":\"Certification en\",\"item\":\"https:\\\/\\\/certunion.com\\\/en\\\/certification\\\/\"},{\"@type\":\"ListItem\",\"position\":3,\"name\":\"ISO 45001\"}]},{\"@type\":\"WebSite\",\"@id\":\"https:\\\/\\\/certunion.com\\\/#website\",\"url\":\"https:\\\/\\\/certunion.com\\\/\",\"name\":\"CertUnion\",\"description\":\"Sz\u00f6vets\u00e9g a tan\u00fas\u00edt\u00e1sban\",\"potentialAction\":[{\"@type\":\"SearchAction\",\"target\":{\"@type\":\"EntryPoint\",\"urlTemplate\":\"https:\\\/\\\/certunion.com\\\/?s={search_term_string}\"},\"query-input\":{\"@type\":\"PropertyValueSpecification\",\"valueRequired\":true,\"valueName\":\"search_term_string\"}}],\"inLanguage\":\"en-US\"}]}<\/script>\n<!-- \/ Yoast SEO plugin. -->","yoast_head_json":{"title":"ISO 45001 - CertUnion","description":"OHSAS 18001. CertUnion is constantly working on, certifies management system would work a most efficient way for your company.","robots":{"index":"index","follow":"follow","max-snippet":"max-snippet:-1","max-image-preview":"max-image-preview:large","max-video-preview":"max-video-preview:-1"},"canonical":"https:\/\/certunion.com\/tanusitas\/ohsas-18001\/","og_locale":"en_US","og_type":"article","og_title":"ISO 45001 - CertUnion","og_description":"OHSAS 18001. CertUnion is constantly working on, certifies management system would work a most efficient way for your company.","og_url":"https:\/\/certunion.com\/tanusitas\/ohsas-18001\/","og_site_name":"CertUnion","article_publisher":"https:\/\/www.facebook.com\/CertUnion","article_modified_time":"2026-03-20T10:41:59+00:00","twitter_misc":{"Est. reading time":"2 minutes"},"schema":{"@context":"https:\/\/schema.org","@graph":[{"@type":"WebPage","@id":"https:\/\/certunion.com\/tanusitas\/iso-45001\/","url":"https:\/\/certunion.com\/tanusitas\/ohsas-18001\/","name":"ISO 45001 - CertUnion","isPartOf":{"@id":"https:\/\/certunion.com\/#website"},"datePublished":"2012-02-09T16:23:19+00:00","dateModified":"2026-03-20T10:41:59+00:00","description":"OHSAS 18001. CertUnion is constantly working on, certifies management system would work a most efficient way for your company.","breadcrumb":{"@id":"https:\/\/certunion.com\/tanusitas\/ohsas-18001\/#breadcrumb"},"inLanguage":"en-US","potentialAction":[{"@type":"ReadAction","target":["https:\/\/certunion.com\/tanusitas\/ohsas-18001\/"]}]},{"@type":"BreadcrumbList","@id":"https:\/\/certunion.com\/tanusitas\/ohsas-18001\/#breadcrumb","itemListElement":[{"@type":"ListItem","position":1,"name":"Home","item":"https:\/\/certunion.com\/en\/"},{"@type":"ListItem","position":2,"name":"Certification en","item":"https:\/\/certunion.com\/en\/certification\/"},{"@type":"ListItem","position":3,"name":"ISO 45001"}]},{"@type":"WebSite","@id":"https:\/\/certunion.com\/#website","url":"https:\/\/certunion.com\/","name":"CertUnion","description":"Sz\u00f6vets\u00e9g a tan\u00fas\u00edt\u00e1sban","potentialAction":[{"@type":"SearchAction","target":{"@type":"EntryPoint","urlTemplate":"https:\/\/certunion.com\/?s={search_term_string}"},"query-input":{"@type":"PropertyValueSpecification","valueRequired":true,"valueName":"search_term_string"}}],"inLanguage":"en-US"}]}},"_links":{"self":[{"href":"https:\/\/certunion.com\/en\/wp-json\/wp\/v2\/pages\/3740","targetHints":{"allow":["GET"]}}],"collection":[{"href":"https:\/\/certunion.com\/en\/wp-json\/wp\/v2\/pages"}],"about":[{"href":"https:\/\/certunion.com\/en\/wp-json\/wp\/v2\/types\/page"}],"author":[{"embeddable":true,"href":"https:\/\/certunion.com\/en\/wp-json\/wp\/v2\/users\/5"}],"replies":[{"embeddable":true,"href":"https:\/\/certunion.com\/en\/wp-json\/wp\/v2\/comments?post=3740"}],"version-history":[{"count":2,"href":"https:\/\/certunion.com\/en\/wp-json\/wp\/v2\/pages\/3740\/revisions"}],"predecessor-version":[{"id":5570,"href":"https:\/\/certunion.com\/en\/wp-json\/wp\/v2\/pages\/3740\/revisions\/5570"}],"up":[{"embeddable":true,"href":"https:\/\/certunion.com\/en\/wp-json\/wp\/v2\/pages\/3723"}],"wp:attachment":[{"href":"https:\/\/certunion.com\/en\/wp-json\/wp\/v2\/media?parent=3740"}],"curies":[{"name":"wp","href":"https:\/\/api.w.org\/{rel}","templated":true}]}}