{"id":3747,"date":"2012-02-09T16:26:47","date_gmt":"2012-02-09T16:26:47","guid":{"rendered":"https:\/\/certunion.com\/certification\/iso-27001\/"},"modified":"2026-03-20T11:42:44","modified_gmt":"2026-03-20T10:42:44","slug":"iso-27001","status":"publish","type":"page","link":"https:\/\/certunion.com\/en\/certification\/iso-27001\/","title":{"rendered":"ISO 27001"},"content":{"rendered":"<div class=\"col31\">\n<h3>Inform\u00e1ci\u00f3biztons\u00e1g<\/h3>\n<p>Az ISO szervezet 2005-ben a 27000-es szabv\u00e1nycsoportot jel\u00f6lte ki az inform\u00e1ci\u00f3biztons\u00e1gi ir\u00e1ny\u00edt\u00e1si rendszerekkel kapcsolatos szabv\u00e1nyok egys\u00e9ges jel\u00f6l\u00e9s\u00e9nek, \u00e9s akkor ind\u00edtotta \u00fatj\u00e1ra el\u0151sz\u00f6r a tan\u00fas\u00edt\u00e1s alapj\u00e1t k\u00e9pez\u0151 ISO\/IEC 27001:2005 szabv\u00e1nyt, amelynek jelenleg \u00e9rv\u00e9nyes magyar nyelv\u0171 v\u00e1ltozata 2014-es kiad\u00e1s\u00fa. (Ez a szabv\u00e1ny a megel\u0151z\u0151, m\u00e1r nemzetk\u00f6zileg is elterjed\u0151 BS 7799-2:2002 szabv\u00e1ny tov\u00e1bbfejleszt\u00e9s\u00e9vel, jav\u00edt\u00e1s\u00e1val \u00e9s ily m\u00f3don az ISO szabv\u00e1nyokba val\u00f3 beemel\u00e9s\u00e9vel j\u00f6tt l\u00e9tre.)<\/p>\n<p><strong>Kapcsol\u00f3d\u00f3 anyagok:<\/strong><br \/>\n<a href=\"https:\/\/certunion.com\/uj-isoiec-27001-es-kovetelmenyszabvany\/\">\u00daj ISO\/IEC 27001-es k\u00f6vetelm\u00e9nyszabv\u00e1ny<\/a><\/p>\n<\/div>\n<div class=\"col31\">\n<a class=\"button\" href=\"https:\/\/certunion.com\/en\/ask-for-request\/\" style=\"font-size:18px; text-decoration:none\">AJ\u00c1NLATOT K\u00c9REK<\/a><\/p>\n<p style=\"text-align: center;\"><a href=\"https:\/\/certunion.com\/en\/ask-for-request\/\">\u00c9rdekel az ISO 27001 tan\u00fas\u00edt\u00e1s<\/a><\/p>\n<div class=\"su-spacer\" style=\"height:20px\"><\/div>\n<h3>Az inform\u00e1ci\u00f3biztons\u00e1g el\u0151nyei<\/h3>\n<p>Biztos lehet abban, hogy informatikai rendszere:<\/p>\n<ul>\n<li>rendelkez\u00e9sre fog \u00e1llni a kritikus pillanatokban is,<\/li>\n<li>meg\u0151rzi adatainak s\u00e9rtetlens\u00e9g\u00e9t,<\/li>\n<li>megv\u00e9di az inform\u00e1ci\u00f3kat a k\u00fcls\u0151 \u00e9s bels\u0151 fenyegetetts\u00e9gekt\u0151l.<\/li>\n<\/ul>\n<p>\u00d6n, mint a szervezet felel\u0151s vezet\u0151je tiszt\u00e1ban lesz a kock\u00e1zatokkal, fel tud k\u00e9sz\u00fclni az esetleges vesz\u00e9lyekre. N\u00f6vekszik a munkav\u00e1llal\u00f3k lojalit\u00e1sa a c\u00e9g ir\u00e1nt, \u00e9s ennek k\u00f6vetkezt\u00e9ben n\u0151 a vev\u0151i el\u00e9gedetts\u00e9g. A teljes v\u00e1llalkoz\u00e1s elk\u00f6telezett\u00e9 v\u00e1lik a biztons\u00e1g ir\u00e1nt \u00e9s m\u00e1s szemmel fogja l\u00e1tni az informatikai, inform\u00e1ci\u00f3biztons\u00e1g szerep\u00e9t.<\/p>\n<p><span style=\"color:#ae416b;font-weight:bold;\">\u00bb <a href=\"https:\/\/certunion.com\/en\/certification\/integrated-audit\/\" style=\"color:#ae416b;font-weight:bold;\">Integr\u00e1lt ir\u00e1ny\u00edt\u00e1si rendszer<\/a><\/span><br \/>\n<span style=\"font-size:12px\">ISO 9001, ISO 14001, ISO 27001, MSZ 28001<\/span><\/p>\n<p><strong>\u00bb <a href=\"\/wp-content\/uploads\/2012\/02\/Tanusitasi_Szerzodeses_Feltetelek_v6.pdf\" target=\"_blank\" rel=\"noopener noreferrer\">Tan\u00fas\u00edt\u00e1si Szerz\u0151d\u00e9ses Felt\u00e9telek<\/a><br \/>\n<\/strong><\/p>\n<p>A CertUnion akkredit\u00e1l\u00e1si okiratai:<\/p>\n<p><a href=\"\/wp-content\/uploads\/2016\/08\/NAH-4-0118-2016_IBIR_akkreditalasi_okirat_2016.pdf\" target=\"_blank\" rel=\"noopener noreferrer\">Akkredit\u00e1l\u00e1si okirat ISO 27001<\/a><br \/>\n<a href=\"\/wp-content\/uploads\/2016\/07\/NAH-4-0118-2016_IBIR_reszletezo_okirat_2016.pdf\" target=\"_blank\" rel=\"noopener noreferrer\">Akkredit\u00e1ci\u00f3 r\u00e9szletez\u0151 okirat ISO 27001<\/a><\/p>\n<\/div>\n","protected":false},"excerpt":{"rendered":"<p>Inform\u00e1ci\u00f3biztons\u00e1g Az ISO szervezet 2005-ben a 27000-es szabv\u00e1nycsoportot jel\u00f6lte ki az inform\u00e1ci\u00f3biztons\u00e1gi ir\u00e1ny\u00edt\u00e1si rendszerekkel kapcsolatos szabv\u00e1nyok egys\u00e9ges jel\u00f6l\u00e9s\u00e9nek, \u00e9s akkor ind\u00edtotta \u00fatj\u00e1ra el\u0151sz\u00f6r a tan\u00fas\u00edt\u00e1s alapj\u00e1t k\u00e9pez\u0151 ISO\/IEC 27001:2005 szabv\u00e1nyt, amelynek jelenleg \u00e9rv\u00e9nyes magyar nyelv\u0171<span class=\"excerpt-hellip\"> [\u2026]<\/span><\/p>\n","protected":false},"author":5,"featured_media":0,"parent":3723,"menu_order":5,"comment_status":"open","ping_status":"open","template":"","meta":{"footnotes":""},"class_list":["post-3747","page","type-page","status-publish","hentry"],"yoast_head":"<!-- This site is optimized with the Yoast SEO plugin v27.5 - https:\/\/yoast.com\/product\/yoast-seo-wordpress\/ -->\n<title>ISO 27001 Certification | CertUnion<\/title>\n<meta name=\"description\" content=\"ISO 27001 certification. CertUnion is constantly working on, certifies management system would work a most efficient way for your company. ational Health and Safety\" \/>\n<meta name=\"robots\" content=\"index, follow, max-snippet:-1, max-image-preview:large, max-video-preview:-1\" \/>\n<link rel=\"canonical\" href=\"https:\/\/certunion.com\/tanusitas\/iso-27001\/\" \/>\n<meta property=\"og:locale\" content=\"en_US\" \/>\n<meta property=\"og:type\" content=\"article\" \/>\n<meta property=\"og:title\" content=\"ISO 27001 Certification | CertUnion\" \/>\n<meta property=\"og:description\" content=\"ISO 27001 certification. CertUnion is constantly working on, certifies management system would work a most efficient way for your company. ational Health and Safety\" \/>\n<meta property=\"og:url\" content=\"https:\/\/certunion.com\/tanusitas\/iso-27001\/\" \/>\n<meta property=\"og:site_name\" content=\"CertUnion\" \/>\n<meta property=\"article:publisher\" content=\"https:\/\/www.facebook.com\/CertUnion\" \/>\n<meta property=\"article:modified_time\" content=\"2026-03-20T10:42:44+00:00\" \/>\n<meta name=\"twitter:label1\" content=\"Est. reading time\" \/>\n\t<meta name=\"twitter:data1\" content=\"1 minute\" \/>\n<script type=\"application\/ld+json\" class=\"yoast-schema-graph\">{\"@context\":\"https:\\\/\\\/schema.org\",\"@graph\":[{\"@type\":\"WebPage\",\"@id\":\"https:\\\/\\\/certunion.com\\\/tanusitas\\\/iso-27001\\\/\",\"url\":\"https:\\\/\\\/certunion.com\\\/tanusitas\\\/iso-27001\\\/\",\"name\":\"ISO 27001 Certification | CertUnion\",\"isPartOf\":{\"@id\":\"https:\\\/\\\/certunion.com\\\/#website\"},\"datePublished\":\"2012-02-09T16:26:47+00:00\",\"dateModified\":\"2026-03-20T10:42:44+00:00\",\"description\":\"ISO 27001 certification. CertUnion is constantly working on, certifies management system would work a most efficient way for your company. ational Health and Safety\",\"breadcrumb\":{\"@id\":\"https:\\\/\\\/certunion.com\\\/tanusitas\\\/iso-27001\\\/#breadcrumb\"},\"inLanguage\":\"en-US\",\"potentialAction\":[{\"@type\":\"ReadAction\",\"target\":[\"https:\\\/\\\/certunion.com\\\/tanusitas\\\/iso-27001\\\/\"]}]},{\"@type\":\"BreadcrumbList\",\"@id\":\"https:\\\/\\\/certunion.com\\\/tanusitas\\\/iso-27001\\\/#breadcrumb\",\"itemListElement\":[{\"@type\":\"ListItem\",\"position\":1,\"name\":\"Home\",\"item\":\"https:\\\/\\\/certunion.com\\\/en\\\/\"},{\"@type\":\"ListItem\",\"position\":2,\"name\":\"Certification en\",\"item\":\"https:\\\/\\\/certunion.com\\\/en\\\/certification\\\/\"},{\"@type\":\"ListItem\",\"position\":3,\"name\":\"ISO 27001\"}]},{\"@type\":\"WebSite\",\"@id\":\"https:\\\/\\\/certunion.com\\\/#website\",\"url\":\"https:\\\/\\\/certunion.com\\\/\",\"name\":\"CertUnion\",\"description\":\"Sz\u00f6vets\u00e9g a tan\u00fas\u00edt\u00e1sban\",\"potentialAction\":[{\"@type\":\"SearchAction\",\"target\":{\"@type\":\"EntryPoint\",\"urlTemplate\":\"https:\\\/\\\/certunion.com\\\/?s={search_term_string}\"},\"query-input\":{\"@type\":\"PropertyValueSpecification\",\"valueRequired\":true,\"valueName\":\"search_term_string\"}}],\"inLanguage\":\"en-US\"}]}<\/script>\n<!-- \/ Yoast SEO plugin. -->","yoast_head_json":{"title":"ISO 27001 Certification | CertUnion","description":"ISO 27001 certification. CertUnion is constantly working on, certifies management system would work a most efficient way for your company. ational Health and Safety","robots":{"index":"index","follow":"follow","max-snippet":"max-snippet:-1","max-image-preview":"max-image-preview:large","max-video-preview":"max-video-preview:-1"},"canonical":"https:\/\/certunion.com\/tanusitas\/iso-27001\/","og_locale":"en_US","og_type":"article","og_title":"ISO 27001 Certification | CertUnion","og_description":"ISO 27001 certification. CertUnion is constantly working on, certifies management system would work a most efficient way for your company. ational Health and Safety","og_url":"https:\/\/certunion.com\/tanusitas\/iso-27001\/","og_site_name":"CertUnion","article_publisher":"https:\/\/www.facebook.com\/CertUnion","article_modified_time":"2026-03-20T10:42:44+00:00","twitter_misc":{"Est. reading time":"1 minute"},"schema":{"@context":"https:\/\/schema.org","@graph":[{"@type":"WebPage","@id":"https:\/\/certunion.com\/tanusitas\/iso-27001\/","url":"https:\/\/certunion.com\/tanusitas\/iso-27001\/","name":"ISO 27001 Certification | CertUnion","isPartOf":{"@id":"https:\/\/certunion.com\/#website"},"datePublished":"2012-02-09T16:26:47+00:00","dateModified":"2026-03-20T10:42:44+00:00","description":"ISO 27001 certification. CertUnion is constantly working on, certifies management system would work a most efficient way for your company. ational Health and Safety","breadcrumb":{"@id":"https:\/\/certunion.com\/tanusitas\/iso-27001\/#breadcrumb"},"inLanguage":"en-US","potentialAction":[{"@type":"ReadAction","target":["https:\/\/certunion.com\/tanusitas\/iso-27001\/"]}]},{"@type":"BreadcrumbList","@id":"https:\/\/certunion.com\/tanusitas\/iso-27001\/#breadcrumb","itemListElement":[{"@type":"ListItem","position":1,"name":"Home","item":"https:\/\/certunion.com\/en\/"},{"@type":"ListItem","position":2,"name":"Certification en","item":"https:\/\/certunion.com\/en\/certification\/"},{"@type":"ListItem","position":3,"name":"ISO 27001"}]},{"@type":"WebSite","@id":"https:\/\/certunion.com\/#website","url":"https:\/\/certunion.com\/","name":"CertUnion","description":"Sz\u00f6vets\u00e9g a tan\u00fas\u00edt\u00e1sban","potentialAction":[{"@type":"SearchAction","target":{"@type":"EntryPoint","urlTemplate":"https:\/\/certunion.com\/?s={search_term_string}"},"query-input":{"@type":"PropertyValueSpecification","valueRequired":true,"valueName":"search_term_string"}}],"inLanguage":"en-US"}]}},"_links":{"self":[{"href":"https:\/\/certunion.com\/en\/wp-json\/wp\/v2\/pages\/3747","targetHints":{"allow":["GET"]}}],"collection":[{"href":"https:\/\/certunion.com\/en\/wp-json\/wp\/v2\/pages"}],"about":[{"href":"https:\/\/certunion.com\/en\/wp-json\/wp\/v2\/types\/page"}],"author":[{"embeddable":true,"href":"https:\/\/certunion.com\/en\/wp-json\/wp\/v2\/users\/5"}],"replies":[{"embeddable":true,"href":"https:\/\/certunion.com\/en\/wp-json\/wp\/v2\/comments?post=3747"}],"version-history":[{"count":1,"href":"https:\/\/certunion.com\/en\/wp-json\/wp\/v2\/pages\/3747\/revisions"}],"predecessor-version":[{"id":3750,"href":"https:\/\/certunion.com\/en\/wp-json\/wp\/v2\/pages\/3747\/revisions\/3750"}],"up":[{"embeddable":true,"href":"https:\/\/certunion.com\/en\/wp-json\/wp\/v2\/pages\/3723"}],"wp:attachment":[{"href":"https:\/\/certunion.com\/en\/wp-json\/wp\/v2\/media?parent=3747"}],"curies":[{"name":"wp","href":"https:\/\/api.w.org\/{rel}","templated":true}]}}