{"id":3754,"date":"2015-01-05T13:57:34","date_gmt":"2015-01-05T13:57:34","guid":{"rendered":"https:\/\/certunion.com\/certification\/integralt-iranyitasi-rendszer\/"},"modified":"2026-03-20T11:44:15","modified_gmt":"2026-03-20T10:44:15","slug":"integrated-audit","status":"publish","type":"page","link":"https:\/\/certunion.com\/en\/certification\/integrated-audit\/","title":{"rendered":"Integrated audit"},"content":{"rendered":"<div class=\"col31\">\n<h3>Integr\u00e1lt tan\u00fas\u00edt\u00e1s<\/h3>\n<p><strong>Integr\u00e1lt ir\u00e1ny\u00edt\u00e1si rendszerr\u0151l abban az esetben besz\u00e9l\u00fcnk, amikor t\u00f6bb k\u00f6vetelm\u00e9nyszabv\u00e1ny el\u0151\u00edr\u00e1sai egy integr\u00e1lt politik\u00e1ban \u00f6sszegz\u0151dnek, amely egy k\u00e9zik\u00f6nyvben \u00e9s elj\u00e1r\u00e1srendben kezeli a szervezet folyamatait.<\/strong><\/p>\n<p>A vezet\u0151s\u00e9gi \u00e1tvizsg\u00e1l\u00e1sokat, a bels\u0151 auditokat egys\u00e9gesen folytatja le. Ezzel egy\u00fctt term\u00e9szetesen egy helyen \u00f6sszpontosulnak a helyesb\u00edt\u0151, megel\u0151z\u0151 tev\u00e9kenys\u00e9gek, amelyek a folyamatos fejleszt\u00e9st szolg\u00e1lj\u00e1k.<\/p>\n<p>\u00c1ltal\u00e1nosan elterjedt gyakorlat szerint kor\u00e1bban a v\u00e1llalatok olyan ir\u00e1ny\u00edt\u00e1si rendszerek l\u00e9trehoz\u00e1s\u00e1ra \u00f6sszpontos\u00edtottak, amelyek egy-egy folyamat k\u00f6vetelm\u00e9nyeinek k\u00fcl\u00f6n-k\u00fcl\u00f6n, gyakran egym\u00e1st\u00f3l f\u00fcggetlen\u00fcl, s\u0151t n\u00e9ha egym\u00e1ssal ellent\u00e9tben pr\u00f3b\u00e1ltak megfelelni.<\/p>\n<p>Ezt a sz\u00e9ttagolts\u00e1got k\u00e9pes megsz\u00fcntetni az integr\u00e1lt tan\u00fas\u00edt\u00e1s, amely \u2013 b\u00e1rmilyen ir\u00e1ny\u00edt\u00e1si rendszerr\u0151l is legyen sz\u00f3 \u2013 a c\u00e9g \u00f6sszes c\u00e9lkit\u0171z\u00e9s\u00e9t egyszerre kezeli. Nem egyszer\u0171 az \u00fczletmenet sor\u00e1n egyszerre t\u00f6bb ir\u00e1ny\u00edt\u00e1si rendszer k\u00f6vetelm\u00e9nyeinek eleget tenni, de amennyiben ez megval\u00f3sul, az j\u00f3t\u00e9kony hat\u00e1ssal lehet a szervezeti hat\u00e9konys\u00e1gra, tov\u00e1bb\u00e1 cs\u00f6kkentheti a k\u00fcls\u0151 auditok k\u00f6lts\u00e9geit \u00e9s az \u00e1ltaluk okozott m\u0171k\u00f6d\u00e9si zavart.<\/p>\n<p>Az integr\u00e1lt ir\u00e1ny\u00edt\u00e1si rendszerek tov\u00e1bbi hozad\u00e9ka, hogy \u00edgy a k\u00edv\u00fcl\u00e1ll\u00f3k sz\u00e1m\u00e1ra is l\u00e1that\u00f3: az integr\u00e1lt ir\u00e1ny\u00edt\u00e1si rendszert haszn\u00e1l\u00f3 v\u00e1llalat a jobb teljes\u00edtm\u00e9ny elk\u00f6telezettje, mik\u00f6zben megtartja k\u00f6lts\u00e9ghat\u00e9konys\u00e1g\u00e1t, n\u00f6veli a munkav\u00e1llal\u00f3i \u00e9s \u00fcgyf\u00e9l el\u00e9gedetts\u00e9get, \u00e9s el\u0151seg\u00edti a folyamatos fejleszt\u00e9st.<\/p>\n<\/div>\n<div class=\"col31\">\n<h3>Mikor v\u00e1lasszuk?<\/h3>\n<p>Minden olyan esetben, amikor egy tan\u00fas\u00edt\u00e1st k\u00e9r\u0151 szervezet t\u00f6bb ir\u00e1ny\u00edt\u00e1si rendszer\u00e9t szeretn\u00e9 egy id\u0151ben tan\u00fas\u00edttatni, lehet\u0151s\u00e9g van integr\u00e1lt auditok v\u00e9grehajt\u00e1s\u00e1ra. Az integr\u00e1lt tan\u00fas\u00edt\u00e1s r\u00e9g\u00f3ta bevett gyakorlat, amelyet a szabv\u00e1nyok folyamatos fejleszt\u00e9se \u00e9s meg\u00faj\u00edt\u00e1sa egyre jobban t\u00e1mogat mind az alkalmaz\u00f3, mind a tan\u00fas\u00edt\u00f3 szervezet oldal\u00e1r\u00f3l.<\/p>\n<p><img loading=\"lazy\" decoding=\"async\" src=\"http:\/\/certunion.com\/wp-content\/uploads\/2015\/01\/integralt-tanusitas.jpg\" alt=\"Integr\u00e1lt ir\u00e1ny\u00edt\u00e1si rendszer\" title=\"Integr\u00e1lt ir\u00e1ny\u00edt\u00e1si rendszer\" width=\"280\" height=\"236\" class=\"alignnone size-full wp-image-1138\"><\/p>\n<p>Az integr\u00e1lt tan\u00fas\u00edt\u00e1s term\u00e9szetesen id\u0151- \u00e9s k\u00f6lts\u00e9gmegtakar\u00edt\u00e1st jelent mind a tan\u00fas\u00edt\u00f3, mind a k\u00e9relmez\u0151 szervezet sz\u00e1m\u00e1ra.<\/p>\n<p>Az integr\u00e1lt auditok v\u00e9grehajt\u00e1s\u00e1val kapcsolatos tov\u00e1bbi t\u00e1j\u00e9koztat\u00e1s\u00e9rt k\u00e9rjen t\u0151l\u00fcnk aj\u00e1nlatot. forduljon munkat\u00e1rsainkhoz bizalommal!<\/p>\n<div class=\"su-spacer\" style=\"height:20px\"><\/div>\n<a class=\"button\" href=\"https:\/\/certunion.com\/en\/ask-for-request\/\" style=\"font-size:18px; text-decoration:none\">AJ\u00c1NLATOT K\u00c9REK<\/a><\/p>\n<p style=\"text-align: center;\"><a href=\"https:\/\/certunion.com\/en\/ask-for-request\/\">\u00c9rdekel az integr\u00e1lt tan\u00fas\u00edt\u00e1s<\/a><\/p>\n<div class=\"su-spacer\" style=\"height:20px\"><\/div>\n<\/div>\n<div class=\"col31\">\n<h3>Hogyan seg\u00edthet\u00fcnk?<\/h3>\n<p>A szabv\u00e1nyrendszerek, melyek alapj\u00e1n a m\u00e1r megl\u00e9v\u0151 ir\u00e1ny\u00edt\u00e1si rendszereit ak\u00e1r egyszerre, egyetlen integr\u00e1lt audittal tan\u00fas\u00edttathatja a k\u00f6vetkez\u0151k:<\/p>\n<ul>\n<li><a style=\"text-decoration: none;\" title=\"ISO 9001 - Min\u0151s\u00e9g ir\u00e1ny\u00edt\u00e1si rendszer\" href=\"https:\/\/certunion.com\/en\/certification\/iso-9001\/\">ISO 9001<\/a><\/li>\n<li><a style=\"text-decoration: none;\" title=\"ISO 14001 - K\u00f6rnyezetk\u00f6zpont\u00fa ir\u00e1ny\u00edt\u00e1si rendszer\" href=\"https:\/\/certunion.com\/en\/certification\/iso-14001\/\">ISO 14001<\/a><\/li>\n<li><a style=\"text-decoration: none;\" title=\"OHSAS 18001\/MSZ 28001 \u2013 Munkahelyi eg\u00e9szs\u00e9gv\u00e9delem \u00e9s biztons\u00e1g\" href=\"http:\/\/certunion.com\/tanusitas\/ohsas-18001\/\">MSZ 28001<\/a><\/li>\n<li><a style=\"text-decoration: none;\" title=\"ISO 27001 - Inform\u00e1ci\u00f3biztons\u00e1gi ir\u00e1ny\u00edt\u00e1si rendszer\" href=\"https:\/\/certunion.com\/en\/certification\/iso-27001\/\">ISO 27001<\/a><\/li>\n<\/ul>\n<div class=\"su-spacer\" style=\"height:20px\"><\/div>\n<strong>A tan\u00fas\u00edtv\u00e1ny szerz\u00e9s l\u00e9p\u00e9sei:<\/strong><\/p>\n<ul>\n<li>T\u00e1j\u00e9koztat\u00e1s, konzult\u00e1ci\u00f3<\/li>\n<li>Regisztr\u00e1ci\u00f3<\/li>\n<li>Kezdeti tan\u00fas\u00edt\u00e1s<\/li>\n<li>Okirat ki\u00e1ll\u00edt\u00e1s<\/li>\n<\/ul>\n<div class=\"su-spacer\" style=\"height:20px\"><\/div>\n<strong>\u00bb <a href=\"http:\/\/certunion.com\/wp-content\/uploads\/2012\/02\/Tanusitasi_Szerzodeses_Feltetelek_v6.pdf\" target=\"_blank\" rel=\"noopener noreferrer\">Tan\u00fas\u00edt\u00e1si Szerz\u0151d\u00e9ses Felt\u00e9telek<\/a><\/strong><\/p>\n<\/div>\n","protected":false},"excerpt":{"rendered":"<p>Integr\u00e1lt tan\u00fas\u00edt\u00e1s Integr\u00e1lt ir\u00e1ny\u00edt\u00e1si rendszerr\u0151l abban az esetben besz\u00e9l\u00fcnk, amikor t\u00f6bb k\u00f6vetelm\u00e9nyszabv\u00e1ny el\u0151\u00edr\u00e1sai egy integr\u00e1lt politik\u00e1ban \u00f6sszegz\u0151dnek, amely egy k\u00e9zik\u00f6nyvben \u00e9s elj\u00e1r\u00e1srendben kezeli a szervezet folyamatait. A vezet\u0151s\u00e9gi \u00e1tvizsg\u00e1l\u00e1sokat, a bels\u0151 auditokat egys\u00e9gesen folytatja le.<span class=\"excerpt-hellip\"> [\u2026]<\/span><\/p>\n","protected":false},"author":3,"featured_media":0,"parent":3723,"menu_order":6,"comment_status":"open","ping_status":"open","template":"","meta":{"footnotes":""},"class_list":["post-3754","page","type-page","status-publish","hentry"],"yoast_head":"<!-- This site is optimized with the Yoast SEO plugin v27.5 - https:\/\/yoast.com\/product\/yoast-seo-wordpress\/ -->\n<title>Integrated audit - CertUnion<\/title>\n<meta name=\"description\" content=\"Integrated Management System Certification: When you request multiple management systems for an organization to be certified at the same time, integrated certification is a good option.\" \/>\n<meta name=\"robots\" content=\"index, follow, max-snippet:-1, max-image-preview:large, max-video-preview:-1\" \/>\n<link rel=\"canonical\" href=\"https:\/\/certunion.com\/tanusitas\/integralt-iranyitasi-rendszer\/\" \/>\n<meta property=\"og:locale\" content=\"en_US\" \/>\n<meta property=\"og:type\" content=\"article\" \/>\n<meta property=\"og:title\" content=\"Integrated audit - CertUnion\" \/>\n<meta property=\"og:description\" content=\"Integrated Management System Certification: When you request multiple management systems for an organization to be certified at the same time, integrated certification is a good option.\" \/>\n<meta property=\"og:url\" content=\"https:\/\/certunion.com\/tanusitas\/integralt-iranyitasi-rendszer\/\" \/>\n<meta property=\"og:site_name\" content=\"CertUnion\" \/>\n<meta property=\"article:publisher\" content=\"https:\/\/www.facebook.com\/CertUnion\" \/>\n<meta property=\"article:modified_time\" content=\"2026-03-20T10:44:15+00:00\" \/>\n<meta property=\"og:image\" content=\"https:\/\/certunion.com\/wp-content\/uploads\/2014\/12\/intergralt-tanusitas.jpg\" \/>\n\t<meta property=\"og:image:width\" content=\"620\" \/>\n\t<meta property=\"og:image:height\" content=\"465\" \/>\n\t<meta property=\"og:image:type\" content=\"image\/jpeg\" \/>\n<meta name=\"twitter:label1\" content=\"Est. reading time\" \/>\n\t<meta name=\"twitter:data1\" content=\"2 minutes\" \/>\n<script type=\"application\/ld+json\" class=\"yoast-schema-graph\">{\"@context\":\"https:\\\/\\\/schema.org\",\"@graph\":[{\"@type\":\"WebPage\",\"@id\":\"https:\\\/\\\/certunion.com\\\/tanusitas\\\/integralt-iranyitasi-rendszer\\\/\",\"url\":\"https:\\\/\\\/certunion.com\\\/tanusitas\\\/integralt-iranyitasi-rendszer\\\/\",\"name\":\"Integrated audit - CertUnion\",\"isPartOf\":{\"@id\":\"https:\\\/\\\/certunion.com\\\/#website\"},\"primaryImageOfPage\":{\"@id\":\"https:\\\/\\\/certunion.com\\\/tanusitas\\\/integralt-iranyitasi-rendszer\\\/#primaryimage\"},\"image\":{\"@id\":\"https:\\\/\\\/certunion.com\\\/tanusitas\\\/integralt-iranyitasi-rendszer\\\/#primaryimage\"},\"thumbnailUrl\":\"http:\\\/\\\/certunion.com\\\/wp-content\\\/uploads\\\/2015\\\/01\\\/integralt-tanusitas.jpg\",\"datePublished\":\"2015-01-05T13:57:34+00:00\",\"dateModified\":\"2026-03-20T10:44:15+00:00\",\"description\":\"Integrated Management System Certification: When you request multiple management systems for an organization to be certified at the same time, integrated certification is a good option.\",\"breadcrumb\":{\"@id\":\"https:\\\/\\\/certunion.com\\\/tanusitas\\\/integralt-iranyitasi-rendszer\\\/#breadcrumb\"},\"inLanguage\":\"en-US\",\"potentialAction\":[{\"@type\":\"ReadAction\",\"target\":[\"https:\\\/\\\/certunion.com\\\/tanusitas\\\/integralt-iranyitasi-rendszer\\\/\"]}]},{\"@type\":\"ImageObject\",\"inLanguage\":\"en-US\",\"@id\":\"https:\\\/\\\/certunion.com\\\/tanusitas\\\/integralt-iranyitasi-rendszer\\\/#primaryimage\",\"url\":\"http:\\\/\\\/certunion.com\\\/wp-content\\\/uploads\\\/2015\\\/01\\\/integralt-tanusitas.jpg\",\"contentUrl\":\"http:\\\/\\\/certunion.com\\\/wp-content\\\/uploads\\\/2015\\\/01\\\/integralt-tanusitas.jpg\"},{\"@type\":\"BreadcrumbList\",\"@id\":\"https:\\\/\\\/certunion.com\\\/tanusitas\\\/integralt-iranyitasi-rendszer\\\/#breadcrumb\",\"itemListElement\":[{\"@type\":\"ListItem\",\"position\":1,\"name\":\"Home\",\"item\":\"https:\\\/\\\/certunion.com\\\/en\\\/\"},{\"@type\":\"ListItem\",\"position\":2,\"name\":\"Certification en\",\"item\":\"https:\\\/\\\/certunion.com\\\/en\\\/certification\\\/\"},{\"@type\":\"ListItem\",\"position\":3,\"name\":\"Integrated audit\"}]},{\"@type\":\"WebSite\",\"@id\":\"https:\\\/\\\/certunion.com\\\/#website\",\"url\":\"https:\\\/\\\/certunion.com\\\/\",\"name\":\"CertUnion\",\"description\":\"Sz\u00f6vets\u00e9g a tan\u00fas\u00edt\u00e1sban\",\"potentialAction\":[{\"@type\":\"SearchAction\",\"target\":{\"@type\":\"EntryPoint\",\"urlTemplate\":\"https:\\\/\\\/certunion.com\\\/?s={search_term_string}\"},\"query-input\":{\"@type\":\"PropertyValueSpecification\",\"valueRequired\":true,\"valueName\":\"search_term_string\"}}],\"inLanguage\":\"en-US\"}]}<\/script>\n<!-- \/ Yoast SEO plugin. -->","yoast_head_json":{"title":"Integrated audit - CertUnion","description":"Integrated Management System Certification: When you request multiple management systems for an organization to be certified at the same time, integrated certification is a good option.","robots":{"index":"index","follow":"follow","max-snippet":"max-snippet:-1","max-image-preview":"max-image-preview:large","max-video-preview":"max-video-preview:-1"},"canonical":"https:\/\/certunion.com\/tanusitas\/integralt-iranyitasi-rendszer\/","og_locale":"en_US","og_type":"article","og_title":"Integrated audit - CertUnion","og_description":"Integrated Management System Certification: When you request multiple management systems for an organization to be certified at the same time, integrated certification is a good option.","og_url":"https:\/\/certunion.com\/tanusitas\/integralt-iranyitasi-rendszer\/","og_site_name":"CertUnion","article_publisher":"https:\/\/www.facebook.com\/CertUnion","article_modified_time":"2026-03-20T10:44:15+00:00","og_image":[{"width":620,"height":465,"url":"https:\/\/certunion.com\/wp-content\/uploads\/2014\/12\/intergralt-tanusitas.jpg","type":"image\/jpeg"}],"twitter_misc":{"Est. reading time":"2 minutes"},"schema":{"@context":"https:\/\/schema.org","@graph":[{"@type":"WebPage","@id":"https:\/\/certunion.com\/tanusitas\/integralt-iranyitasi-rendszer\/","url":"https:\/\/certunion.com\/tanusitas\/integralt-iranyitasi-rendszer\/","name":"Integrated audit - CertUnion","isPartOf":{"@id":"https:\/\/certunion.com\/#website"},"primaryImageOfPage":{"@id":"https:\/\/certunion.com\/tanusitas\/integralt-iranyitasi-rendszer\/#primaryimage"},"image":{"@id":"https:\/\/certunion.com\/tanusitas\/integralt-iranyitasi-rendszer\/#primaryimage"},"thumbnailUrl":"http:\/\/certunion.com\/wp-content\/uploads\/2015\/01\/integralt-tanusitas.jpg","datePublished":"2015-01-05T13:57:34+00:00","dateModified":"2026-03-20T10:44:15+00:00","description":"Integrated Management System Certification: When you request multiple management systems for an organization to be certified at the same time, integrated certification is a good option.","breadcrumb":{"@id":"https:\/\/certunion.com\/tanusitas\/integralt-iranyitasi-rendszer\/#breadcrumb"},"inLanguage":"en-US","potentialAction":[{"@type":"ReadAction","target":["https:\/\/certunion.com\/tanusitas\/integralt-iranyitasi-rendszer\/"]}]},{"@type":"ImageObject","inLanguage":"en-US","@id":"https:\/\/certunion.com\/tanusitas\/integralt-iranyitasi-rendszer\/#primaryimage","url":"http:\/\/certunion.com\/wp-content\/uploads\/2015\/01\/integralt-tanusitas.jpg","contentUrl":"http:\/\/certunion.com\/wp-content\/uploads\/2015\/01\/integralt-tanusitas.jpg"},{"@type":"BreadcrumbList","@id":"https:\/\/certunion.com\/tanusitas\/integralt-iranyitasi-rendszer\/#breadcrumb","itemListElement":[{"@type":"ListItem","position":1,"name":"Home","item":"https:\/\/certunion.com\/en\/"},{"@type":"ListItem","position":2,"name":"Certification en","item":"https:\/\/certunion.com\/en\/certification\/"},{"@type":"ListItem","position":3,"name":"Integrated audit"}]},{"@type":"WebSite","@id":"https:\/\/certunion.com\/#website","url":"https:\/\/certunion.com\/","name":"CertUnion","description":"Sz\u00f6vets\u00e9g a tan\u00fas\u00edt\u00e1sban","potentialAction":[{"@type":"SearchAction","target":{"@type":"EntryPoint","urlTemplate":"https:\/\/certunion.com\/?s={search_term_string}"},"query-input":{"@type":"PropertyValueSpecification","valueRequired":true,"valueName":"search_term_string"}}],"inLanguage":"en-US"}]}},"_links":{"self":[{"href":"https:\/\/certunion.com\/en\/wp-json\/wp\/v2\/pages\/3754","targetHints":{"allow":["GET"]}}],"collection":[{"href":"https:\/\/certunion.com\/en\/wp-json\/wp\/v2\/pages"}],"about":[{"href":"https:\/\/certunion.com\/en\/wp-json\/wp\/v2\/types\/page"}],"author":[{"embeddable":true,"href":"https:\/\/certunion.com\/en\/wp-json\/wp\/v2\/users\/3"}],"replies":[{"embeddable":true,"href":"https:\/\/certunion.com\/en\/wp-json\/wp\/v2\/comments?post=3754"}],"version-history":[{"count":2,"href":"https:\/\/certunion.com\/en\/wp-json\/wp\/v2\/pages\/3754\/revisions"}],"predecessor-version":[{"id":3813,"href":"https:\/\/certunion.com\/en\/wp-json\/wp\/v2\/pages\/3754\/revisions\/3813"}],"up":[{"embeddable":true,"href":"https:\/\/certunion.com\/en\/wp-json\/wp\/v2\/pages\/3723"}],"wp:attachment":[{"href":"https:\/\/certunion.com\/en\/wp-json\/wp\/v2\/media?parent=3754"}],"curies":[{"name":"wp","href":"https:\/\/api.w.org\/{rel}","templated":true}]}}