{"id":3761,"date":"2012-02-09T16:29:06","date_gmt":"2012-02-09T16:29:06","guid":{"rendered":"https:\/\/certunion.com\/certification\/haccp\/"},"modified":"2026-03-20T11:44:45","modified_gmt":"2026-03-20T10:44:45","slug":"haccp","status":"publish","type":"page","link":"https:\/\/certunion.com\/en\/certification\/haccp\/","title":{"rendered":"HACCP"},"content":{"rendered":"<div class=\"col31\">\n<h3>HACCP \u2013 \u00e9lelmiszerbiztons\u00e1g<\/h3>\n<p><strong>Alapvet\u0151 elv\u00e1r\u00e1s minden \u00e9lelmiszerrel szemben, hogy az ne okozhasson \u00e1rtalmat, megbeteged\u00e9st az azt elfogyaszt\u00f3k sz\u00e1m\u00e1ra.<\/strong><\/p>\n<p>Ennek \u00e9rdek\u00e9ben \u00edrj\u00e1k el\u0151 jogszab\u00e1lyok k\u00f6telez\u0151en, a HACCP rendszer m\u0171k\u00f6dtet\u00e9s\u00e9t Magyarorsz\u00e1gon \u00e9s k\u00fclf\u00f6ld\u00f6n egyar\u00e1nt. Nem feladata \u00d6nnek az indokolatlan \u201epap\u00edr gy\u00e1rt\u00e1s\u201d, de feladata a k\u00f6telez\u0151 gondoss\u00e1g igazol\u00e1sa.<\/p>\n<\/div>\n<div class=\"col31\">\n<h3>Mi az a HACCP?<\/h3>\n<p>M\u00f3dszertan az \u00e9lelmiszerek biztons\u00e1ga \u00e9rdek\u00e9ben. A HACCP mozaiksz\u00f3, a m\u00f3dszert le\u00edr\u00f3 angol dokumentum c\u00edmszavainak kezd\u0151bet\u0171ib\u0151l \u00e1ll\u00edtott\u00e1k \u00f6ssze: Hazard Analysis and Critical Control Points (Vesz\u00e9lyelemz\u00e9s, Kritikus Szab\u00e1lyoz\u00e1si Pontok). A HACCP rendszer alapvet\u0151 c\u00e9lja az \u00e9lelmiszer-biztons\u00e1g el\u00e9r\u00e9se. A m\u00f3dszertan alkalmas arra, hogy b\u00e1rmely v\u00e1llalkoz\u00e1s, amelynek tev\u00e9kenys\u00e9ge hat\u00e1ssal van az elfogyasztott \u00e9lelmiszer biztons\u00e1g\u00e1ra, bebizony\u00edtsa: minden \u00e9sszer\u0171en elv\u00e1rhat\u00f3 int\u00e9zked\u00e9st megtesz az \u00e9lelmiszerek biztons\u00e1ga \u00e9rdek\u00e9ben.<\/p>\n<p>Ehhez ny\u00fajt m\u00f3dszertant \u00e9s rendszert a HACCP el\u0151\u00edr\u00e1s \u2013Magyar \u00c9lelmiszerk\u00f6nyv, (Codex Alimentarius Hungaricus) 2-1\/1969 sz\u00e1m\u00fa ir\u00e1nyelve. Mint minden rendszert, ezt is lehet rosszul, j\u00f3l \u00e9s m\u00e9g jobban alkalmazni. Mi ahhoz ny\u00fajtunk seg\u00edts\u00e9get, hogy \u00d6n bebizony\u00edthassa, igazolhassa \u2013 hat\u00e9konyan \u00e9s magas sz\u00ednvonalon gondoskodik az \u00e9lelmiszerek biztons\u00e1g\u00e1r\u00f3l.<br \/>\n<div class=\"su-spacer\" style=\"height:20px\"><\/div>\n<a class=\"button\" href=\"https:\/\/certunion.com\/en\/ask-for-request\/\" style=\"font-size:18px; text-decoration:none\">AJ\u00c1NLATOT K\u00c9REK<\/a><\/p>\n<p style=\"text-align: center;\"><a href=\"https:\/\/certunion.com\/en\/ask-for-request\/\">\u00c9rdekel a HACCP tan\u00fas\u00edt\u00e1s<\/a><\/p>\n<div class=\"su-spacer\" style=\"height:20px\"><\/div>\n<\/div>\n<div class=\"col31\">\n<h3>Mi\u00e9rt hasznos ez?<\/h3>\n<p>Az \u00e9lelmiszerbiztons\u00e1g mellett:<\/p>\n<ul>\n<li>a kidolgozott, ellen\u0151rz\u00f6tt HACCP rendszer seg\u00edts\u00e9g\u00e9vel hat\u00e9konyabb\u00e1 teheti m\u0171k\u00f6d\u00e9s\u00e9t, n\u00f6velheti partnerei bizalm\u00e1t az \u00d6n\u00f6k term\u00e9kei, szolg\u00e1ltat\u00e1sai ir\u00e1nt.<\/li>\n<li>sz\u00e1mos p\u00e1ly\u00e1zat eset\u00e9ben alapvet\u0151 el\u0151\u00edr\u00e1s lehet a HACCP rendszer f\u00fcggetlen f\u00e9l \u00e1ltali igazol\u00e1sa.<\/li>\n<\/ul>\n<p>Ezt a megfelel\u0151s\u00e9get felk\u00e9sz\u00fclt, t\u00f6bb \u00e9ves tapasztalattal rendelkez\u0151 munkat\u00e1rsaink seg\u00edts\u00e9g\u00e9vel igazoljuk \u00e9s \u00e1ll\u00edtunk ki okiratot a megfelel\u0151s\u00e9gr\u0151l.<\/p>\n<p><strong>\u00bb <a href=\"http:\/\/certunion.com\/wp-content\/uploads\/2012\/02\/Tanusitasi_Szerzodeses_Feltetelek_v6.pdf\" target=\"_blank\" rel=\"noopener noreferrer\">Tan\u00fas\u00edt\u00e1si Szerz\u0151d\u00e9ses Felt\u00e9telek<\/a><\/strong><\/p>\n<\/div>\n","protected":false},"excerpt":{"rendered":"<p>HACCP \u2013 \u00e9lelmiszerbiztons\u00e1g Alapvet\u0151 elv\u00e1r\u00e1s minden \u00e9lelmiszerrel szemben, hogy az ne okozhasson \u00e1rtalmat, megbeteged\u00e9st az azt elfogyaszt\u00f3k sz\u00e1m\u00e1ra. Ennek \u00e9rdek\u00e9ben \u00edrj\u00e1k el\u0151 jogszab\u00e1lyok k\u00f6telez\u0151en, a HACCP rendszer m\u0171k\u00f6dtet\u00e9s\u00e9t Magyarorsz\u00e1gon \u00e9s k\u00fclf\u00f6ld\u00f6n egyar\u00e1nt. Nem feladata \u00d6nnek<span class=\"excerpt-hellip\"> [\u2026]<\/span><\/p>\n","protected":false},"author":5,"featured_media":0,"parent":3723,"menu_order":7,"comment_status":"open","ping_status":"open","template":"","meta":{"footnotes":""},"class_list":["post-3761","page","type-page","status-publish","hentry"],"yoast_head":"<!-- This site is optimized with the Yoast SEO plugin v27.2 - https:\/\/yoast.com\/product\/yoast-seo-wordpress\/ -->\n<title>HACCP Certification | CertUnion<\/title>\n<meta name=\"description\" content=\"HACCP certification. The basic goal of the Food Safety System is to achieve food safety. CertUnion helps your business with this.\" \/>\n<meta name=\"robots\" content=\"index, follow, max-snippet:-1, max-image-preview:large, max-video-preview:-1\" \/>\n<link rel=\"canonical\" href=\"https:\/\/certunion.com\/tanusitas\/haccp\/\" \/>\n<meta property=\"og:locale\" content=\"en_US\" \/>\n<meta property=\"og:type\" content=\"article\" \/>\n<meta property=\"og:title\" content=\"HACCP Certification | CertUnion\" \/>\n<meta property=\"og:description\" content=\"HACCP certification. The basic goal of the Food Safety System is to achieve food safety. CertUnion helps your business with this.\" \/>\n<meta property=\"og:url\" content=\"https:\/\/certunion.com\/tanusitas\/haccp\/\" \/>\n<meta property=\"og:site_name\" content=\"CertUnion\" \/>\n<meta property=\"article:publisher\" content=\"https:\/\/www.facebook.com\/CertUnion\" \/>\n<meta property=\"article:modified_time\" content=\"2026-03-20T10:44:45+00:00\" \/>\n<meta name=\"twitter:label1\" content=\"Est. reading time\" \/>\n\t<meta name=\"twitter:data1\" content=\"2 minutes\" \/>\n<script type=\"application\/ld+json\" class=\"yoast-schema-graph\">{\"@context\":\"https:\/\/schema.org\",\"@graph\":[{\"@type\":\"WebPage\",\"@id\":\"https:\/\/certunion.com\/tanusitas\/haccp\/\",\"url\":\"https:\/\/certunion.com\/tanusitas\/haccp\/\",\"name\":\"HACCP Certification | CertUnion\",\"isPartOf\":{\"@id\":\"https:\/\/certunion.com\/#website\"},\"datePublished\":\"2012-02-09T16:29:06+00:00\",\"dateModified\":\"2026-03-20T10:44:45+00:00\",\"description\":\"HACCP certification. The basic goal of the Food Safety System is to achieve food safety. CertUnion helps your business with this.\",\"breadcrumb\":{\"@id\":\"https:\/\/certunion.com\/tanusitas\/haccp\/#breadcrumb\"},\"inLanguage\":\"en-US\",\"potentialAction\":[{\"@type\":\"ReadAction\",\"target\":[\"https:\/\/certunion.com\/tanusitas\/haccp\/\"]}]},{\"@type\":\"BreadcrumbList\",\"@id\":\"https:\/\/certunion.com\/tanusitas\/haccp\/#breadcrumb\",\"itemListElement\":[{\"@type\":\"ListItem\",\"position\":1,\"name\":\"Home\",\"item\":\"https:\/\/certunion.com\/en\/\"},{\"@type\":\"ListItem\",\"position\":2,\"name\":\"Certification en\",\"item\":\"https:\/\/certunion.com\/en\/certification\/\"},{\"@type\":\"ListItem\",\"position\":3,\"name\":\"HACCP\"}]},{\"@type\":\"WebSite\",\"@id\":\"https:\/\/certunion.com\/#website\",\"url\":\"https:\/\/certunion.com\/\",\"name\":\"CertUnion\",\"description\":\"Sz\u00f6vets\u00e9g a tan\u00fas\u00edt\u00e1sban\",\"potentialAction\":[{\"@type\":\"SearchAction\",\"target\":{\"@type\":\"EntryPoint\",\"urlTemplate\":\"https:\/\/certunion.com\/?s={search_term_string}\"},\"query-input\":{\"@type\":\"PropertyValueSpecification\",\"valueRequired\":true,\"valueName\":\"search_term_string\"}}],\"inLanguage\":\"en-US\"}]}<\/script>\n<!-- \/ Yoast SEO plugin. -->","yoast_head_json":{"title":"HACCP Certification | CertUnion","description":"HACCP certification. The basic goal of the Food Safety System is to achieve food safety. CertUnion helps your business with this.","robots":{"index":"index","follow":"follow","max-snippet":"max-snippet:-1","max-image-preview":"max-image-preview:large","max-video-preview":"max-video-preview:-1"},"canonical":"https:\/\/certunion.com\/tanusitas\/haccp\/","og_locale":"en_US","og_type":"article","og_title":"HACCP Certification | CertUnion","og_description":"HACCP certification. The basic goal of the Food Safety System is to achieve food safety. CertUnion helps your business with this.","og_url":"https:\/\/certunion.com\/tanusitas\/haccp\/","og_site_name":"CertUnion","article_publisher":"https:\/\/www.facebook.com\/CertUnion","article_modified_time":"2026-03-20T10:44:45+00:00","twitter_misc":{"Est. reading time":"2 minutes"},"schema":{"@context":"https:\/\/schema.org","@graph":[{"@type":"WebPage","@id":"https:\/\/certunion.com\/tanusitas\/haccp\/","url":"https:\/\/certunion.com\/tanusitas\/haccp\/","name":"HACCP Certification | CertUnion","isPartOf":{"@id":"https:\/\/certunion.com\/#website"},"datePublished":"2012-02-09T16:29:06+00:00","dateModified":"2026-03-20T10:44:45+00:00","description":"HACCP certification. The basic goal of the Food Safety System is to achieve food safety. CertUnion helps your business with this.","breadcrumb":{"@id":"https:\/\/certunion.com\/tanusitas\/haccp\/#breadcrumb"},"inLanguage":"en-US","potentialAction":[{"@type":"ReadAction","target":["https:\/\/certunion.com\/tanusitas\/haccp\/"]}]},{"@type":"BreadcrumbList","@id":"https:\/\/certunion.com\/tanusitas\/haccp\/#breadcrumb","itemListElement":[{"@type":"ListItem","position":1,"name":"Home","item":"https:\/\/certunion.com\/en\/"},{"@type":"ListItem","position":2,"name":"Certification en","item":"https:\/\/certunion.com\/en\/certification\/"},{"@type":"ListItem","position":3,"name":"HACCP"}]},{"@type":"WebSite","@id":"https:\/\/certunion.com\/#website","url":"https:\/\/certunion.com\/","name":"CertUnion","description":"Sz\u00f6vets\u00e9g a tan\u00fas\u00edt\u00e1sban","potentialAction":[{"@type":"SearchAction","target":{"@type":"EntryPoint","urlTemplate":"https:\/\/certunion.com\/?s={search_term_string}"},"query-input":{"@type":"PropertyValueSpecification","valueRequired":true,"valueName":"search_term_string"}}],"inLanguage":"en-US"}]}},"_links":{"self":[{"href":"https:\/\/certunion.com\/en\/wp-json\/wp\/v2\/pages\/3761","targetHints":{"allow":["GET"]}}],"collection":[{"href":"https:\/\/certunion.com\/en\/wp-json\/wp\/v2\/pages"}],"about":[{"href":"https:\/\/certunion.com\/en\/wp-json\/wp\/v2\/types\/page"}],"author":[{"embeddable":true,"href":"https:\/\/certunion.com\/en\/wp-json\/wp\/v2\/users\/5"}],"replies":[{"embeddable":true,"href":"https:\/\/certunion.com\/en\/wp-json\/wp\/v2\/comments?post=3761"}],"version-history":[{"count":2,"href":"https:\/\/certunion.com\/en\/wp-json\/wp\/v2\/pages\/3761\/revisions"}],"predecessor-version":[{"id":6412,"href":"https:\/\/certunion.com\/en\/wp-json\/wp\/v2\/pages\/3761\/revisions\/6412"}],"up":[{"embeddable":true,"href":"https:\/\/certunion.com\/en\/wp-json\/wp\/v2\/pages\/3723"}],"wp:attachment":[{"href":"https:\/\/certunion.com\/en\/wp-json\/wp\/v2\/media?parent=3761"}],"curies":[{"name":"wp","href":"https:\/\/api.w.org\/{rel}","templated":true}]}}