{"id":3804,"date":"2012-02-21T23:09:26","date_gmt":"2012-02-21T23:09:26","guid":{"rendered":"https:\/\/certunion.com\/minosegpolitika\/"},"modified":"2020-04-07T11:43:22","modified_gmt":"2020-04-07T09:43:22","slug":"quality-policy","status":"publish","type":"page","link":"https:\/\/certunion.com\/en\/quality-policy\/","title":{"rendered":"Quality Policy"},"content":{"rendered":"<div class=\"overview\">\n<div class=\"textbox\">\u201eA min\u0151s\u00e9g a fejekben kezd\u0151dik.\u201d<br \/>\n<em>C. Borgward<\/em><\/div>\n<\/div>\n<div id=\"datas\" class=\"col31\">\n<h3>C\u00e9gadatok<\/h3>\n<h4>C\u00e9gn\u00e9v<\/h4>\n<p>CertUnion Hungary Tan\u00fas\u00edt\u00f3 Kft.<\/p>\n<h4>Sz\u00e9khely<\/h4>\n<p>1113 Budapest, Bocskai \u00fat 77-79.<\/p>\n<h4>Statisztikai sz\u00e1mjel<\/h4>\n<p>22659516-7490-113-01<\/p>\n<h4>C\u00e9gjegyz\u00e9ksz\u00e1m<\/h4>\n<p>01-09-937806<\/p>\n<h4>Ad\u00f3sz\u00e1m<\/h4>\n<p>22659516-2-43<\/p>\n<h3>Referenci\u00e1k<\/h3>\n<p>R\u00e9szletes referencia list\u00e1nk id\u0151pont egyeztet\u00e9st k\u00f6vet\u0151en irod\u00e1nkban megtekinthet\u0151.<\/p>\n<\/div>\n<div class=\"col32\">\n<h3>Min\u0151s\u00e9gpoltika<\/h3>\n<p>A CertUnion Kft. c\u00e9lja, hogy partnerei sz\u00e1m\u00e1ra magas sz\u00ednvonal\u00fa szolg\u00e1ltat\u00e1st ny\u00fajtson az ir\u00e1ny\u00edt\u00e1si rendszerek tan\u00fas\u00edt\u00e1sa ter\u00fclet\u00e9n, kiemelt hangs\u00falyt helyezve az egyre n\u00f6vekv\u0151 sz\u00e1m\u00fa integr\u00e1lt ir\u00e1ny\u00edt\u00e1si rendszerekre. C\u00e9lunk, egy \u00e9rt\u00e9keken alapul\u00f3, meghat\u00e1roz\u00f3 piaci szerepet bet\u00f6lt\u0151 tan\u00fas\u00edt\u00f3 szervezet fel\u00e9p\u00edt\u00e9se \u00e9s m\u0171k\u00f6dtet\u00e9se, valamint olyan munkahely megteremt\u00e9se, ahol a min\u0151s\u00e9gi munka mellett az emberi \u00e9rt\u00e9kek meghat\u00e1roz\u00f3 szerepet kapnak.<\/p>\n<p>C\u00e9lunk el\u00e9r\u00e9se \u00e9rdek\u00e9ben, \u00f6ssze\u00e1ll\u00edtottuk szervezet\u00fcnket, kidolgoztuk min\u0151s\u00e9gir\u00e1ny\u00edt\u00e1si rendszer\u00fcnket \u00e9s folyamatainkat, amelyek eredm\u00e9nyess\u00e9ge \u00e9s folyamatos fejleszt\u00e9se ir\u00e1nti elk\u00f6telezetts\u00e9g\u00fcnk t\u00f6retlen.<\/p>\n<p>Tan\u00fas\u00edt\u00f3 szervezet\u00fcnk fejl\u0151d\u00e9se \u00e9s fejleszt\u00e9se \u00e9rdek\u00e9ben meghat\u00e1roztuk c\u00e9ljainkat, amelyeket rendszeresen fel\u00fclvizsg\u00e1lunk, teljes\u00fcl\u00e9s\u00fcket k\u00f6vet\u0151en pedig \u00fajabb- \u00e9s \u00fajabb c\u00e9lokat t\u0171z\u00fcnk ki magunk el\u00e9 \u00e9s k\u00edv\u00e1njuk ezeket is megval\u00f3s\u00edtani.<\/p>\n<p>A min\u0151s\u00e9gi munk\u00e1t, tapasztalt, j\u00f3l k\u00e9pzett bels\u0151s \u00e9s k\u00fcls\u0151s munkat\u00e1rsakkal biztos\u00edtjuk, akik k\u00e9pz\u00e9s\u00e9r\u0151l, ut\u00e1np\u00f3tl\u00e1s\u00e1r\u00f3l, folyamatosan \u00e9s rendszeresen gondoskodunk. Kiemelt hangs\u00falyt helyez\u00fcnk munkak\u00f6rnyezet\u00fcnkre, amelynek kialak\u00edt\u00e1s\u00e1ban \u00e9s fenntart\u00e1s\u00e1ban messzemen\u0151en figyelembe vessz\u00fck a mindenkori eg\u00e9szs\u00e9gv\u00e9delemre vonatkoz\u00f3 el\u0151\u00edr\u00e1sokat, mivel hissz\u00fck \u00e9s tudjuk, hogy az eg\u00e9szs\u00e9ges munkat\u00e1rsak hat\u00e9konyabban v\u00e9gzik feladataikat, teljes\u00edtm\u00e9ny\u00fck egyenletesen megb\u00edzhat\u00f3.<\/p>\n<p>Nyilatkozatainkat, min\u0151s\u00e9gpolitik\u00e1nkat \u00e9s c\u00e9ljainkat h\u00e1zon bel\u00fcl, valamint tan\u00fas\u00edtott partnereink \u00e9s leend\u0151 vev\u0151ink sz\u00e1m\u00e1ra is el\u00e9rhet\u0151v\u00e9 tessz\u00fck, \u00e9s folyamatosan fel\u00fclvizsg\u00e1ljuk minden olyan alkalommal, amikor ak\u00e1r k\u00fcls\u0151s, ak\u00e1r bels\u0151s munkat\u00e1rsaink esetlegesen partnereink \u00e9szrev\u00e9telei, visszacsatol\u00e1sai ezt sz\u00fcks\u00e9gesnek l\u00e1tj\u00e1k. Ezen t\u00falmen\u0151en az \u00e9ves \u00e9rt\u00e9kel\u00e9sek alkalm\u00e1val is \u00e1ttekintj\u00fck aktualit\u00e1s\u00e1t, k\u00fcldet\u00e9s\u00fcnkkel, c\u00e9ljainkkal val\u00f3 \u00f6sszhangj\u00e1t, alkalmass\u00e1g\u00e1t.<\/p>\n<p style=\"text-align: right;\">Szab\u00f3 Mirtill<br \/>\n\u00fcgyvezet\u0151<\/p>\n<p>Budapest, 2015. szeptember 21.<\/p>\n<\/div>\n","protected":false},"excerpt":{"rendered":"<p>\u201eA min\u0151s\u00e9g a fejekben kezd\u0151dik.\u201d C. Borgward C\u00e9gadatok C\u00e9gn\u00e9v CertUnion Hungary Tan\u00fas\u00edt\u00f3 Kft. Sz\u00e9khely 1113 Budapest, Bocskai \u00fat 77-79. Statisztikai sz\u00e1mjel 22659516-7490-113-01 C\u00e9gjegyz\u00e9ksz\u00e1m 01-09-937806 Ad\u00f3sz\u00e1m 22659516-2-43 Referenci\u00e1k R\u00e9szletes referencia list\u00e1nk id\u0151pont egyeztet\u00e9st k\u00f6vet\u0151en irod\u00e1nkban megtekinthet\u0151.<span class=\"excerpt-hellip\"> [\u2026]<\/span><\/p>\n","protected":false},"author":3,"featured_media":0,"parent":0,"menu_order":0,"comment_status":"open","ping_status":"open","template":"","meta":{"footnotes":""},"class_list":["post-3804","page","type-page","status-publish","hentry"],"yoast_head":"<!-- This site is optimized with the Yoast SEO plugin v27.5 - https:\/\/yoast.com\/product\/yoast-seo-wordpress\/ -->\n<title>Quality Policy - CertUnion<\/title>\n<meta name=\"robots\" content=\"noindex, follow\" \/>\n<meta property=\"og:locale\" content=\"en_US\" \/>\n<meta property=\"og:type\" content=\"article\" \/>\n<meta property=\"og:title\" content=\"Quality Policy - CertUnion\" \/>\n<meta property=\"og:description\" content=\"\u201eA min\u0151s\u00e9g a fejekben kezd\u0151dik.\u201d C. Borgward C\u00e9gadatok C\u00e9gn\u00e9v CertUnion Hungary Tan\u00fas\u00edt\u00f3 Kft. Sz\u00e9khely 1113 Budapest, Bocskai \u00fat 77-79. Statisztikai sz\u00e1mjel 22659516-7490-113-01 C\u00e9gjegyz\u00e9ksz\u00e1m 01-09-937806 Ad\u00f3sz\u00e1m 22659516-2-43 Referenci\u00e1k R\u00e9szletes referencia list\u00e1nk id\u0151pont egyeztet\u00e9st k\u00f6vet\u0151en irod\u00e1nkban megtekinthet\u0151. [\u2026]\" \/>\n<meta property=\"og:url\" content=\"https:\/\/certunion.com\/en\/quality-policy\/\" \/>\n<meta property=\"og:site_name\" content=\"CertUnion\" \/>\n<meta property=\"article:publisher\" content=\"https:\/\/www.facebook.com\/CertUnion\" \/>\n<meta property=\"article:modified_time\" content=\"2020-04-07T09:43:22+00:00\" \/>\n<meta name=\"twitter:label1\" content=\"Est. reading time\" \/>\n\t<meta name=\"twitter:data1\" content=\"2 minutes\" \/>\n<script type=\"application\/ld+json\" class=\"yoast-schema-graph\">{\"@context\":\"https:\\\/\\\/schema.org\",\"@graph\":[{\"@type\":\"WebPage\",\"@id\":\"https:\\\/\\\/certunion.com\\\/en\\\/quality-policy\\\/\",\"url\":\"https:\\\/\\\/certunion.com\\\/en\\\/quality-policy\\\/\",\"name\":\"Quality Policy - CertUnion\",\"isPartOf\":{\"@id\":\"https:\\\/\\\/certunion.com\\\/#website\"},\"datePublished\":\"2012-02-21T23:09:26+00:00\",\"dateModified\":\"2020-04-07T09:43:22+00:00\",\"breadcrumb\":{\"@id\":\"https:\\\/\\\/certunion.com\\\/en\\\/quality-policy\\\/#breadcrumb\"},\"inLanguage\":\"en-US\",\"potentialAction\":[{\"@type\":\"ReadAction\",\"target\":[\"https:\\\/\\\/certunion.com\\\/en\\\/quality-policy\\\/\"]}]},{\"@type\":\"BreadcrumbList\",\"@id\":\"https:\\\/\\\/certunion.com\\\/en\\\/quality-policy\\\/#breadcrumb\",\"itemListElement\":[{\"@type\":\"ListItem\",\"position\":1,\"name\":\"Home\",\"item\":\"https:\\\/\\\/certunion.com\\\/en\\\/\"},{\"@type\":\"ListItem\",\"position\":2,\"name\":\"Quality Policy\"}]},{\"@type\":\"WebSite\",\"@id\":\"https:\\\/\\\/certunion.com\\\/#website\",\"url\":\"https:\\\/\\\/certunion.com\\\/\",\"name\":\"CertUnion\",\"description\":\"Sz\u00f6vets\u00e9g a tan\u00fas\u00edt\u00e1sban\",\"potentialAction\":[{\"@type\":\"SearchAction\",\"target\":{\"@type\":\"EntryPoint\",\"urlTemplate\":\"https:\\\/\\\/certunion.com\\\/?s={search_term_string}\"},\"query-input\":{\"@type\":\"PropertyValueSpecification\",\"valueRequired\":true,\"valueName\":\"search_term_string\"}}],\"inLanguage\":\"en-US\"}]}<\/script>\n<!-- \/ Yoast SEO plugin. -->","yoast_head_json":{"title":"Quality Policy - CertUnion","robots":{"index":"noindex","follow":"follow"},"og_locale":"en_US","og_type":"article","og_title":"Quality Policy - CertUnion","og_description":"\u201eA min\u0151s\u00e9g a fejekben kezd\u0151dik.\u201d C. Borgward C\u00e9gadatok C\u00e9gn\u00e9v CertUnion Hungary Tan\u00fas\u00edt\u00f3 Kft. Sz\u00e9khely 1113 Budapest, Bocskai \u00fat 77-79. Statisztikai sz\u00e1mjel 22659516-7490-113-01 C\u00e9gjegyz\u00e9ksz\u00e1m 01-09-937806 Ad\u00f3sz\u00e1m 22659516-2-43 Referenci\u00e1k R\u00e9szletes referencia list\u00e1nk id\u0151pont egyeztet\u00e9st k\u00f6vet\u0151en irod\u00e1nkban megtekinthet\u0151. [\u2026]","og_url":"https:\/\/certunion.com\/en\/quality-policy\/","og_site_name":"CertUnion","article_publisher":"https:\/\/www.facebook.com\/CertUnion","article_modified_time":"2020-04-07T09:43:22+00:00","twitter_misc":{"Est. reading time":"2 minutes"},"schema":{"@context":"https:\/\/schema.org","@graph":[{"@type":"WebPage","@id":"https:\/\/certunion.com\/en\/quality-policy\/","url":"https:\/\/certunion.com\/en\/quality-policy\/","name":"Quality Policy - CertUnion","isPartOf":{"@id":"https:\/\/certunion.com\/#website"},"datePublished":"2012-02-21T23:09:26+00:00","dateModified":"2020-04-07T09:43:22+00:00","breadcrumb":{"@id":"https:\/\/certunion.com\/en\/quality-policy\/#breadcrumb"},"inLanguage":"en-US","potentialAction":[{"@type":"ReadAction","target":["https:\/\/certunion.com\/en\/quality-policy\/"]}]},{"@type":"BreadcrumbList","@id":"https:\/\/certunion.com\/en\/quality-policy\/#breadcrumb","itemListElement":[{"@type":"ListItem","position":1,"name":"Home","item":"https:\/\/certunion.com\/en\/"},{"@type":"ListItem","position":2,"name":"Quality Policy"}]},{"@type":"WebSite","@id":"https:\/\/certunion.com\/#website","url":"https:\/\/certunion.com\/","name":"CertUnion","description":"Sz\u00f6vets\u00e9g a tan\u00fas\u00edt\u00e1sban","potentialAction":[{"@type":"SearchAction","target":{"@type":"EntryPoint","urlTemplate":"https:\/\/certunion.com\/?s={search_term_string}"},"query-input":{"@type":"PropertyValueSpecification","valueRequired":true,"valueName":"search_term_string"}}],"inLanguage":"en-US"}]}},"_links":{"self":[{"href":"https:\/\/certunion.com\/en\/wp-json\/wp\/v2\/pages\/3804","targetHints":{"allow":["GET"]}}],"collection":[{"href":"https:\/\/certunion.com\/en\/wp-json\/wp\/v2\/pages"}],"about":[{"href":"https:\/\/certunion.com\/en\/wp-json\/wp\/v2\/types\/page"}],"author":[{"embeddable":true,"href":"https:\/\/certunion.com\/en\/wp-json\/wp\/v2\/users\/3"}],"replies":[{"embeddable":true,"href":"https:\/\/certunion.com\/en\/wp-json\/wp\/v2\/comments?post=3804"}],"version-history":[{"count":4,"href":"https:\/\/certunion.com\/en\/wp-json\/wp\/v2\/pages\/3804\/revisions"}],"predecessor-version":[{"id":4434,"href":"https:\/\/certunion.com\/en\/wp-json\/wp\/v2\/pages\/3804\/revisions\/4434"}],"wp:attachment":[{"href":"https:\/\/certunion.com\/en\/wp-json\/wp\/v2\/media?parent=3804"}],"curies":[{"name":"wp","href":"https:\/\/api.w.org\/{rel}","templated":true}]}}