{"id":3854,"date":"2012-04-24T09:27:56","date_gmt":"2012-04-24T09:27:56","guid":{"rendered":"https:\/\/certunion.com\/valtozas-bejelento\/"},"modified":"2020-04-07T11:23:12","modified_gmt":"2020-04-07T09:23:12","slug":"change-notifier","status":"publish","type":"page","link":"https:\/\/certunion.com\/en\/change-notifier\/","title":{"rendered":"Change notifier"},"content":{"rendered":"<div id=\"change\" class=\"overview\">\n<div class=\"textbox\">V\u00e1ltoz\u00e1s<br \/>\nbejelent\u0151<\/div>\n<\/div>\n<div class=\"col31\">\n<h3>\u00datmutat\u00f3<\/h3>\n<p>Amennyiben a k\u00f6telez\u0151en kit\u00f6ltend\u0151 mez\u0151kbe nincs olyan inform\u00e1ci\u00f3, amelyet felt\u00fcntetne, k\u00e9rj\u00fck sz\u00edveskedjen oda\u00edrni: &#8220;nincs adat\/inform\u00e1ci\u00f3&#8221;. Az ilyen esetekben, tan\u00fas\u00edt\u00f3 szervezet\u00fcnk munkat\u00e1rsa az aj\u00e1nlatk\u00e9r\u00e9s feldolgoz\u00e1sa sor\u00e1n felveszi \u00d6nnel a kapcsolatot tov\u00e1bbi egyeztet\u00e9s c\u00e9lj\u00e1b\u00f3l.<\/p>\n<p>K\u00e9rj\u00fck, felmer\u00fcl\u0151 k\u00e9rd\u00e9seikkel kapcsolatosan forduljanak irod\u00e1nk munkat\u00e1rsaihoz bizalommal!<\/p>\n<\/div>\n<div id=\"tabs\" class=\"col32 hyphenate\">\n\n<div class=\"wpcf7 no-js\" id=\"wpcf7-f247-o1\" lang=\"en-US\" dir=\"ltr\" data-wpcf7-id=\"247\">\n<div class=\"screen-reader-response\"><p role=\"status\" aria-live=\"polite\" aria-atomic=\"true\"><\/p> <ul><\/ul><\/div>\n<form action=\"\/en\/wp-json\/wp\/v2\/pages\/3854#wpcf7-f247-o1\" method=\"post\" class=\"wpcf7-form init\" aria-label=\"Contact form\" novalidate=\"novalidate\" data-status=\"init\">\n<fieldset class=\"hidden-fields-container\"><input type=\"hidden\" name=\"_wpcf7\" value=\"247\" \/><input type=\"hidden\" name=\"_wpcf7_version\" value=\"6.1.5\" \/><input type=\"hidden\" name=\"_wpcf7_locale\" value=\"en_US\" \/><input type=\"hidden\" name=\"_wpcf7_unit_tag\" value=\"wpcf7-f247-o1\" \/><input type=\"hidden\" name=\"_wpcf7_container_post\" value=\"0\" \/><input type=\"hidden\" name=\"_wpcf7_posted_data_hash\" value=\"\" \/>\n<\/fieldset>\n<div id=\"cegadatok\">\n\t<div class=\"half\">\n\t\t<p>C\u00e9gn\u00e9v *\n\t\t<\/p>\n\t\t<p><span class=\"wpcf7-form-control-wrap\" data-name=\"cegnev\"><input size=\"40\" maxlength=\"400\" class=\"wpcf7-form-control wpcf7-text wpcf7-validates-as-required\" aria-required=\"true\" aria-invalid=\"false\" value=\"\" type=\"text\" name=\"cegnev\" \/><\/span>\n\t\t<\/p>\n\t<\/div>\n\t<div class=\"half right\">\n\t\t<p>Projektsz\u00e1m *\n\t\t<\/p>\n\t\t<p><span class=\"wpcf7-form-control-wrap\" data-name=\"projektszam\"><input size=\"40\" maxlength=\"400\" class=\"wpcf7-form-control wpcf7-text wpcf7-validates-as-required\" aria-required=\"true\" aria-invalid=\"false\" value=\"\" type=\"text\" name=\"projektszam\" \/><\/span>\n\t\t<\/p>\n\t<\/div>\n\t<div class=\"full\">\n\t\t<p>Tan\u00fas\u00edtott rendszerek *\n\t\t<\/p>\n\t\t<p><span class=\"wpcf7-form-control-wrap\" data-name=\"rendszerek\"><span class=\"wpcf7-form-control wpcf7-checkbox wpcf7-validates-as-required\"><span class=\"wpcf7-list-item first\"><input type=\"checkbox\" name=\"rendszerek[]\" value=\"ISO 9001\" \/><span class=\"wpcf7-list-item-label\">ISO 9001<\/span><\/span><span class=\"wpcf7-list-item\"><input type=\"checkbox\" name=\"rendszerek[]\" value=\"ISO 14001\" \/><span class=\"wpcf7-list-item-label\">ISO 14001<\/span><\/span><span class=\"wpcf7-list-item\"><input type=\"checkbox\" name=\"rendszerek[]\" value=\"ISO 37001\" \/><span class=\"wpcf7-list-item-label\">ISO 37001<\/span><\/span><span class=\"wpcf7-list-item\"><input type=\"checkbox\" name=\"rendszerek[]\" value=\"ISO 45001\" \/><span class=\"wpcf7-list-item-label\">ISO 45001<\/span><\/span><span class=\"wpcf7-list-item\"><input type=\"checkbox\" name=\"rendszerek[]\" value=\"ISO 27001\" \/><span class=\"wpcf7-list-item-label\">ISO 27001<\/span><\/span><span class=\"wpcf7-list-item\"><input type=\"checkbox\" name=\"rendszerek[]\" value=\"HACCP\" \/><span class=\"wpcf7-list-item-label\">HACCP<\/span><\/span><span class=\"wpcf7-list-item last\"><input type=\"checkbox\" name=\"rendszerek[]\" value=\"Egy\u00e9b\" \/><span class=\"wpcf7-list-item-label\">Egy\u00e9b<\/span><\/span><\/span><\/span>\n\t\t<\/p>\n\t<\/div>\n<\/div>\n<div id=\"kapcsolattarto\">\n\t<div class=\"half\">\n\t\t<p>Kapcsolattart\u00f3 neve *\n\t\t<\/p>\n\t\t<p><span class=\"wpcf7-form-control-wrap\" data-name=\"kapcsolattarto\"><input size=\"40\" maxlength=\"400\" class=\"wpcf7-form-control wpcf7-text\" aria-invalid=\"false\" value=\"\" type=\"text\" name=\"kapcsolattarto\" \/><\/span>\n\t\t<\/p>\n\t<\/div>\n\t<div class=\"half right\">\n\t\t<p>Beoszt\u00e1sa\n\t\t<\/p>\n\t\t<p><span class=\"wpcf7-form-control-wrap\" data-name=\"kapcsolattarto-beosztas\"><input size=\"40\" maxlength=\"400\" class=\"wpcf7-form-control wpcf7-text\" aria-invalid=\"false\" value=\"\" type=\"text\" name=\"kapcsolattarto-beosztas\" \/><\/span>\n\t\t<\/p>\n\t<\/div>\n\t<div class=\"half\">\n\t\t<p>Email *\n\t\t<\/p>\n\t\t<p><span class=\"wpcf7-form-control-wrap\" data-name=\"kapcsolattarto-email\"><input size=\"40\" maxlength=\"400\" class=\"wpcf7-form-control wpcf7-email wpcf7-text wpcf7-validates-as-email\" aria-invalid=\"false\" value=\"\" type=\"email\" name=\"kapcsolattarto-email\" \/><\/span>\n\t\t<\/p>\n\t<\/div>\n\t<div class=\"half right\">\n\t\t<p>Telefon\n\t\t<\/p>\n\t\t<p><span class=\"wpcf7-form-control-wrap\" data-name=\"kapcsolattarto-telefon\"><input size=\"40\" maxlength=\"400\" class=\"wpcf7-form-control wpcf7-text\" aria-invalid=\"false\" value=\"\" type=\"text\" name=\"kapcsolattarto-telefon\" \/><\/span>\n\t\t<\/p>\n\t<\/div>\n<\/div>\n<hr \/>\n<div id=\"change1\">\n\t<div class=\"half\">\n\t\t<p>V\u00e1ltoz\u00e1s *\n\t\t<\/p>\n\t\t<p><span class=\"wpcf7-form-control-wrap\" data-name=\"valtozas1\"><select class=\"wpcf7-form-control wpcf7-select wpcf7-validates-as-required\" aria-required=\"true\" aria-invalid=\"false\" name=\"valtozas1\"><option value=\"\">&#8212;Please choose an option&#8212;<\/option><option value=\"C\u00e9gn\u00e9v\">C\u00e9gn\u00e9v<\/option><option value=\"T\u00e1rsas\u00e1gi forma\">T\u00e1rsas\u00e1gi forma<\/option><option value=\"Szervezeti forma\">Szervezeti forma<\/option><option value=\"Tulajdonviszonyok\">Tulajdonviszonyok<\/option><option value=\"Sz\u00e9khely\">Sz\u00e9khely<\/option><option value=\"Telephely\">Telephely<\/option><option value=\"Tev\u00e9kenys\u00e9gi k\u00f6r\">Tev\u00e9kenys\u00e9gi k\u00f6r<\/option><option value=\"L\u00e9tsz\u00e1m\">L\u00e9tsz\u00e1m<\/option><option value=\"Vezet\u0151s\u00e9g\">Vezet\u0151s\u00e9g<\/option><option value=\"Kapcsolattart\u00f3\">Kapcsolattart\u00f3<\/option><option value=\"M\u0171szaki szem\u00e9lyzet\">M\u0171szaki szem\u00e9lyzet<\/option><option value=\"K\u00f6rnyezeti kibocs\u00e1t\u00e1sok\">K\u00f6rnyezeti kibocs\u00e1t\u00e1sok<\/option><option value=\"Egy\u00e9b\">Egy\u00e9b<\/option><\/select><\/span><br \/>\n<em>K\u00e9rj\u00fck, v\u00e1lassza ki, mely adat v\u00e1ltozott. Egyszerre t\u00f6bb v\u00e1ltoz\u00e1st is bejelenthet, ennek a mez\u0151nek a kit\u00f6lt\u00e9s\u00e9t k\u00f6vet\u0151en a k\u00f6vetkez\u0151 mez\u0151 automatikusan megjelenik.<\/em>\n\t\t<\/p>\n\t<\/div>\n\t<div class=\"half right\">\n\t\t<p>\u00daj adat *\n\t\t<\/p>\n\t\t<p><span class=\"wpcf7-form-control-wrap\" data-name=\"adat1\"><textarea cols=\"40\" rows=\"10\" maxlength=\"2000\" class=\"wpcf7-form-control wpcf7-textarea wpcf7-validates-as-required\" aria-required=\"true\" aria-invalid=\"false\" name=\"adat1\"><\/textarea><\/span>\n\t\t<\/p>\n\t<\/div>\n<\/div>\n<div id=\"change2\" class=\"hide\">\n\t<div class=\"half\">\n\t\t<p>V\u00e1ltoz\u00e1s *\n\t\t<\/p>\n\t\t<p><span class=\"wpcf7-form-control-wrap\" data-name=\"valtozas2\"><select class=\"wpcf7-form-control wpcf7-select\" aria-invalid=\"false\" name=\"valtozas2\"><option value=\"\">&#8212;Please choose an option&#8212;<\/option><option value=\"C\u00e9gn\u00e9v\">C\u00e9gn\u00e9v<\/option><option value=\"T\u00e1rsas\u00e1gi forma\">T\u00e1rsas\u00e1gi forma<\/option><option value=\"Szervezeti forma\">Szervezeti forma<\/option><option value=\"Tulajdonviszonyok\">Tulajdonviszonyok<\/option><option value=\"Sz\u00e9khely\">Sz\u00e9khely<\/option><option value=\"Telephely\">Telephely<\/option><option value=\"Tev\u00e9kenys\u00e9gi k\u00f6r\">Tev\u00e9kenys\u00e9gi k\u00f6r<\/option><option value=\"L\u00e9tsz\u00e1m\">L\u00e9tsz\u00e1m<\/option><option value=\"Vezet\u0151s\u00e9g\">Vezet\u0151s\u00e9g<\/option><option value=\"Kapcsolattart\u00f3\">Kapcsolattart\u00f3<\/option><option value=\"M\u0171szaki szem\u00e9lyzet\">M\u0171szaki szem\u00e9lyzet<\/option><option value=\"K\u00f6rnyezeti kibocs\u00e1t\u00e1sok\">K\u00f6rnyezeti kibocs\u00e1t\u00e1sok<\/option><option value=\"Egy\u00e9b\">Egy\u00e9b<\/option><\/select><\/span><br \/>\n<em>K\u00e9rj\u00fck, v\u00e1lassza ki, mely adat v\u00e1ltozott.<\/em>\n\t\t<\/p>\n\t<\/div>\n\t<div class=\"half right\">\n\t\t<p>\u00daj adat *\n\t\t<\/p>\n\t\t<p><span class=\"wpcf7-form-control-wrap\" data-name=\"adat2\"><textarea cols=\"40\" rows=\"10\" maxlength=\"2000\" class=\"wpcf7-form-control wpcf7-textarea\" aria-invalid=\"false\" name=\"adat2\"><\/textarea><\/span>\n\t\t<\/p>\n\t<\/div>\n<\/div>\n<div id=\"change3\" class=\"hide\">\n\t<div class=\"half\">\n\t\t<p>V\u00e1ltoz\u00e1s *\n\t\t<\/p>\n\t\t<p><span class=\"wpcf7-form-control-wrap\" data-name=\"valtozas3\"><select class=\"wpcf7-form-control wpcf7-select\" aria-invalid=\"false\" name=\"valtozas3\"><option value=\"\">&#8212;Please choose an option&#8212;<\/option><option value=\"C\u00e9gn\u00e9v\">C\u00e9gn\u00e9v<\/option><option value=\"T\u00e1rsas\u00e1gi forma\">T\u00e1rsas\u00e1gi forma<\/option><option value=\"Szervezeti forma\">Szervezeti forma<\/option><option value=\"Tulajdonviszonyok\">Tulajdonviszonyok<\/option><option value=\"Sz\u00e9khely\">Sz\u00e9khely<\/option><option value=\"Telephely\">Telephely<\/option><option value=\"Tev\u00e9kenys\u00e9gi k\u00f6r\">Tev\u00e9kenys\u00e9gi k\u00f6r<\/option><option value=\"L\u00e9tsz\u00e1m\">L\u00e9tsz\u00e1m<\/option><option value=\"Vezet\u0151s\u00e9g\">Vezet\u0151s\u00e9g<\/option><option value=\"Kapcsolattart\u00f3\">Kapcsolattart\u00f3<\/option><option value=\"M\u0171szaki szem\u00e9lyzet\">M\u0171szaki szem\u00e9lyzet<\/option><option value=\"K\u00f6rnyezeti kibocs\u00e1t\u00e1sok\">K\u00f6rnyezeti kibocs\u00e1t\u00e1sok<\/option><option value=\"Egy\u00e9b\">Egy\u00e9b<\/option><\/select><\/span><br \/>\n<em>K\u00e9rj\u00fck, v\u00e1lassza ki, mely adat v\u00e1ltozott.<\/em>\n\t\t<\/p>\n\t<\/div>\n\t<div class=\"half right\">\n\t\t<p>\u00daj adat *\n\t\t<\/p>\n\t\t<p><span class=\"wpcf7-form-control-wrap\" data-name=\"adat3\"><textarea cols=\"40\" rows=\"10\" maxlength=\"2000\" class=\"wpcf7-form-control wpcf7-textarea\" aria-invalid=\"false\" name=\"adat3\"><\/textarea><\/span>\n\t\t<\/p>\n\t<\/div>\n<\/div>\n<div id=\"change4\" class=\"hide\">\n\t<div class=\"half\">\n\t\t<p>V\u00e1ltoz\u00e1s *\n\t\t<\/p>\n\t\t<p><span class=\"wpcf7-form-control-wrap\" data-name=\"valtozas4\"><select class=\"wpcf7-form-control wpcf7-select\" aria-invalid=\"false\" name=\"valtozas4\"><option value=\"\">&#8212;Please choose an option&#8212;<\/option><option value=\"C\u00e9gn\u00e9v\">C\u00e9gn\u00e9v<\/option><option value=\"T\u00e1rsas\u00e1gi forma\">T\u00e1rsas\u00e1gi forma<\/option><option value=\"Szervezeti forma\">Szervezeti forma<\/option><option value=\"Tulajdonviszonyok\">Tulajdonviszonyok<\/option><option value=\"Sz\u00e9khely\">Sz\u00e9khely<\/option><option value=\"Telephely\">Telephely<\/option><option value=\"Tev\u00e9kenys\u00e9gi k\u00f6r\">Tev\u00e9kenys\u00e9gi k\u00f6r<\/option><option value=\"L\u00e9tsz\u00e1m\">L\u00e9tsz\u00e1m<\/option><option value=\"Vezet\u0151s\u00e9g\">Vezet\u0151s\u00e9g<\/option><option value=\"Kapcsolattart\u00f3\">Kapcsolattart\u00f3<\/option><option value=\"M\u0171szaki szem\u00e9lyzet\">M\u0171szaki szem\u00e9lyzet<\/option><option value=\"K\u00f6rnyezeti kibocs\u00e1t\u00e1sok\">K\u00f6rnyezeti kibocs\u00e1t\u00e1sok<\/option><option value=\"Egy\u00e9b\">Egy\u00e9b<\/option><\/select><\/span><br \/>\n<em>K\u00e9rj\u00fck, v\u00e1lassza ki, mely adat v\u00e1ltozott.<\/em>\n\t\t<\/p>\n\t<\/div>\n\t<div class=\"half right\">\n\t\t<p>\u00daj adat *\n\t\t<\/p>\n\t\t<p><span class=\"wpcf7-form-control-wrap\" data-name=\"adat4\"><textarea cols=\"40\" rows=\"10\" maxlength=\"2000\" class=\"wpcf7-form-control wpcf7-textarea\" aria-invalid=\"false\" name=\"adat4\"><\/textarea><\/span>\n\t\t<\/p>\n\t<\/div>\n<\/div>\n<div id=\"change5\" class=\"hide\">\n\t<div class=\"half\">\n\t\t<p>V\u00e1ltoz\u00e1s *\n\t\t<\/p>\n\t\t<p><span class=\"wpcf7-form-control-wrap\" data-name=\"valtozas5\"><select class=\"wpcf7-form-control wpcf7-select\" aria-invalid=\"false\" name=\"valtozas5\"><option value=\"\">&#8212;Please choose an option&#8212;<\/option><option value=\"C\u00e9gn\u00e9v\">C\u00e9gn\u00e9v<\/option><option value=\"T\u00e1rsas\u00e1gi forma\">T\u00e1rsas\u00e1gi forma<\/option><option value=\"Szervezeti forma\">Szervezeti forma<\/option><option value=\"Tulajdonviszonyok\">Tulajdonviszonyok<\/option><option value=\"Sz\u00e9khely\">Sz\u00e9khely<\/option><option value=\"Telephely\">Telephely<\/option><option value=\"Tev\u00e9kenys\u00e9gi k\u00f6r\">Tev\u00e9kenys\u00e9gi k\u00f6r<\/option><option value=\"L\u00e9tsz\u00e1m\">L\u00e9tsz\u00e1m<\/option><option value=\"Vezet\u0151s\u00e9g\">Vezet\u0151s\u00e9g<\/option><option value=\"Kapcsolattart\u00f3\">Kapcsolattart\u00f3<\/option><option value=\"M\u0171szaki szem\u00e9lyzet\">M\u0171szaki szem\u00e9lyzet<\/option><option value=\"K\u00f6rnyezeti kibocs\u00e1t\u00e1sok\">K\u00f6rnyezeti kibocs\u00e1t\u00e1sok<\/option><option value=\"Egy\u00e9b\">Egy\u00e9b<\/option><\/select><\/span><br \/>\n<em>K\u00e9rj\u00fck, v\u00e1lassza ki, mely adat v\u00e1ltozott.<\/em>\n\t\t<\/p>\n\t<\/div>\n\t<div class=\"half right\">\n\t\t<p>\u00daj adat *\n\t\t<\/p>\n\t\t<p><span class=\"wpcf7-form-control-wrap\" data-name=\"adat5\"><textarea cols=\"40\" rows=\"10\" maxlength=\"2000\" class=\"wpcf7-form-control wpcf7-textarea\" aria-invalid=\"false\" name=\"adat5\"><\/textarea><\/span>\n\t\t<\/p>\n\t<\/div>\n<\/div>\n<div id=\"change6\" class=\"hide\">\n\t<div class=\"half\">\n\t\t<p>V\u00e1ltoz\u00e1s *\n\t\t<\/p>\n\t\t<p><span class=\"wpcf7-form-control-wrap\" data-name=\"valtozas6\"><select class=\"wpcf7-form-control wpcf7-select\" aria-invalid=\"false\" name=\"valtozas6\"><option value=\"\">&#8212;Please choose an option&#8212;<\/option><option value=\"C\u00e9gn\u00e9v\">C\u00e9gn\u00e9v<\/option><option value=\"T\u00e1rsas\u00e1gi forma\">T\u00e1rsas\u00e1gi forma<\/option><option value=\"Szervezeti forma\">Szervezeti forma<\/option><option value=\"Tulajdonviszonyok\">Tulajdonviszonyok<\/option><option value=\"Sz\u00e9khely\">Sz\u00e9khely<\/option><option value=\"Telephely\">Telephely<\/option><option value=\"Tev\u00e9kenys\u00e9gi k\u00f6r\">Tev\u00e9kenys\u00e9gi k\u00f6r<\/option><option value=\"L\u00e9tsz\u00e1m\">L\u00e9tsz\u00e1m<\/option><option value=\"Vezet\u0151s\u00e9g\">Vezet\u0151s\u00e9g<\/option><option value=\"Kapcsolattart\u00f3\">Kapcsolattart\u00f3<\/option><option value=\"M\u0171szaki szem\u00e9lyzet\">M\u0171szaki szem\u00e9lyzet<\/option><option value=\"K\u00f6rnyezeti kibocs\u00e1t\u00e1sok\">K\u00f6rnyezeti kibocs\u00e1t\u00e1sok<\/option><option value=\"Egy\u00e9b\">Egy\u00e9b<\/option><\/select><\/span><br \/>\n<em>K\u00e9rj\u00fck, v\u00e1lassza ki, mely adat v\u00e1ltozott.<\/em>\n\t\t<\/p>\n\t<\/div>\n\t<div class=\"half right\">\n\t\t<p>\u00daj adat *\n\t\t<\/p>\n\t\t<p><span class=\"wpcf7-form-control-wrap\" data-name=\"adat6\"><textarea cols=\"40\" rows=\"10\" maxlength=\"2000\" class=\"wpcf7-form-control wpcf7-textarea\" aria-invalid=\"false\" name=\"adat6\"><\/textarea><\/span>\n\t\t<\/p>\n\t<\/div>\n<\/div>\n<div id=\"change7\" class=\"hide\">\n\t<div class=\"half\">\n\t\t<p>V\u00e1ltoz\u00e1s *\n\t\t<\/p>\n\t\t<p><span class=\"wpcf7-form-control-wrap\" data-name=\"valtozas7\"><select class=\"wpcf7-form-control wpcf7-select\" aria-invalid=\"false\" name=\"valtozas7\"><option value=\"\">&#8212;Please choose an option&#8212;<\/option><option value=\"C\u00e9gn\u00e9v\">C\u00e9gn\u00e9v<\/option><option value=\"T\u00e1rsas\u00e1gi forma\">T\u00e1rsas\u00e1gi forma<\/option><option value=\"Szervezeti forma\">Szervezeti forma<\/option><option value=\"Tulajdonviszonyok\">Tulajdonviszonyok<\/option><option value=\"Sz\u00e9khely\">Sz\u00e9khely<\/option><option value=\"Telephely\">Telephely<\/option><option value=\"Tev\u00e9kenys\u00e9gi k\u00f6r\">Tev\u00e9kenys\u00e9gi k\u00f6r<\/option><option value=\"L\u00e9tsz\u00e1m\">L\u00e9tsz\u00e1m<\/option><option value=\"Vezet\u0151s\u00e9g\">Vezet\u0151s\u00e9g<\/option><option value=\"Kapcsolattart\u00f3\">Kapcsolattart\u00f3<\/option><option value=\"M\u0171szaki szem\u00e9lyzet\">M\u0171szaki szem\u00e9lyzet<\/option><option value=\"K\u00f6rnyezeti kibocs\u00e1t\u00e1sok\">K\u00f6rnyezeti kibocs\u00e1t\u00e1sok<\/option><option value=\"Egy\u00e9b\">Egy\u00e9b<\/option><\/select><\/span><br \/>\n<em>K\u00e9rj\u00fck, v\u00e1lassza ki, mely adat v\u00e1ltozott.<\/em>\n\t\t<\/p>\n\t<\/div>\n\t<div class=\"half right\">\n\t\t<p>\u00daj adat *\n\t\t<\/p>\n\t\t<p><span class=\"wpcf7-form-control-wrap\" data-name=\"adat7\"><textarea cols=\"40\" rows=\"10\" maxlength=\"2000\" class=\"wpcf7-form-control wpcf7-textarea\" aria-invalid=\"false\" name=\"adat7\"><\/textarea><\/span>\n\t\t<\/p>\n\t<\/div>\n<\/div>\n<div id=\"change8\" class=\"hide\">\n\t<div class=\"half\">\n\t\t<p>V\u00e1ltoz\u00e1s *\n\t\t<\/p>\n\t\t<p><span class=\"wpcf7-form-control-wrap\" data-name=\"valtozas8\"><select class=\"wpcf7-form-control wpcf7-select\" aria-invalid=\"false\" name=\"valtozas8\"><option value=\"\">&#8212;Please choose an option&#8212;<\/option><option value=\"C\u00e9gn\u00e9v\">C\u00e9gn\u00e9v<\/option><option value=\"T\u00e1rsas\u00e1gi forma\">T\u00e1rsas\u00e1gi forma<\/option><option value=\"Szervezeti forma\">Szervezeti forma<\/option><option value=\"Tulajdonviszonyok\">Tulajdonviszonyok<\/option><option value=\"Sz\u00e9khely\">Sz\u00e9khely<\/option><option value=\"Telephely\">Telephely<\/option><option value=\"Tev\u00e9kenys\u00e9gi k\u00f6r\">Tev\u00e9kenys\u00e9gi k\u00f6r<\/option><option value=\"L\u00e9tsz\u00e1m\">L\u00e9tsz\u00e1m<\/option><option value=\"Vezet\u0151s\u00e9g\">Vezet\u0151s\u00e9g<\/option><option value=\"Kapcsolattart\u00f3\">Kapcsolattart\u00f3<\/option><option value=\"M\u0171szaki szem\u00e9lyzet\">M\u0171szaki szem\u00e9lyzet<\/option><option value=\"K\u00f6rnyezeti kibocs\u00e1t\u00e1sok\">K\u00f6rnyezeti kibocs\u00e1t\u00e1sok<\/option><option value=\"Egy\u00e9b\">Egy\u00e9b<\/option><\/select><\/span><br \/>\n<em>K\u00e9rj\u00fck, v\u00e1lassza ki, mely adat v\u00e1ltozott.<\/em>\n\t\t<\/p>\n\t<\/div>\n\t<div class=\"half right\">\n\t\t<p>\u00daj adat *\n\t\t<\/p>\n\t\t<p><span class=\"wpcf7-form-control-wrap\" data-name=\"adat8\"><textarea cols=\"40\" rows=\"10\" maxlength=\"2000\" class=\"wpcf7-form-control wpcf7-textarea\" aria-invalid=\"false\" name=\"adat8\"><\/textarea><\/span>\n\t\t<\/p>\n\t<\/div>\n<\/div>\n<hr \/>\n<div class=\"half\">\n\t<p>K\u00f3d:<br \/>\n<input type=\"hidden\" name=\"_wpcf7_captcha_challenge_CAPTCHA\" value=\"3438329939\" \/><img loading=\"lazy\" decoding=\"async\" class=\"wpcf7-form-control wpcf7-captchac wpcf7-captcha-CAPTCHA\" width=\"84\" height=\"28\" alt=\"captcha\" src=\"https:\/\/certunion.com\/wp-content\/uploads\/wpcf7_captcha\/3438329939.png\" \/>\n\t<\/p>\n<\/div>\n<div class=\"half right\">\n\t<p>Ellen\u0151rz\u0151 k\u00f3d *<br \/>\n<em>K\u00e9rj\u00fck, adja meg a bal oldali fekete mez\u0151ben l\u00e1that\u00f3 ellen\u0151rz\u0151 k\u00f3dot.<\/em><br \/>\n<span class=\"wpcf7-form-control-wrap\" data-name=\"CAPTCHA\"><input size=\"40\" class=\"wpcf7-form-control wpcf7-captchar\" autocomplete=\"off\" aria-invalid=\"false\" value=\"\" type=\"text\" name=\"CAPTCHA\" \/><\/span>\n\t<\/p>\n<\/div>\n<hr \/>\n<div class=\"full\">\n\t<p>Az \u0171rlap elk\u00fcld\u00e9s\u00e9vel kijelentem, hogy valamennyi adat megfelel a val\u00f3s\u00e1gnak.\n\t<\/p>\n<\/div>\n<hr \/>\n<div class=\"half\">\n\t<p><input class=\"wpcf7-form-control wpcf7-submit has-spinner\" type=\"submit\" value=\"V\u00e1ltoz\u00e1s bejelent\u00e9se\" \/>\n\t<\/p>\n<\/div><div class=\"wpcf7-response-output\" aria-hidden=\"true\"><\/div>\n<\/form>\n<\/div>\n\n<\/div>\n","protected":false},"excerpt":{"rendered":"<p>V\u00e1ltoz\u00e1s bejelent\u0151 \u00datmutat\u00f3 Amennyiben a k\u00f6telez\u0151en kit\u00f6ltend\u0151 mez\u0151kbe nincs olyan inform\u00e1ci\u00f3, amelyet felt\u00fcntetne, k\u00e9rj\u00fck sz\u00edveskedjen oda\u00edrni: &#8220;nincs adat\/inform\u00e1ci\u00f3&#8221;. Az ilyen esetekben, tan\u00fas\u00edt\u00f3 szervezet\u00fcnk munkat\u00e1rsa az aj\u00e1nlatk\u00e9r\u00e9s feldolgoz\u00e1sa sor\u00e1n felveszi \u00d6nnel a kapcsolatot tov\u00e1bbi egyeztet\u00e9s c\u00e9lj\u00e1b\u00f3l.<span class=\"excerpt-hellip\"> [\u2026]<\/span><\/p>\n","protected":false},"author":5,"featured_media":0,"parent":0,"menu_order":0,"comment_status":"open","ping_status":"open","template":"","meta":{"footnotes":""},"class_list":["post-3854","page","type-page","status-publish","hentry"],"yoast_head":"<!-- This site is optimized with the Yoast SEO plugin v27.4 - https:\/\/yoast.com\/product\/yoast-seo-wordpress\/ -->\n<title>Change notifier - CertUnion<\/title>\n<meta name=\"robots\" content=\"noindex, follow\" \/>\n<meta property=\"og:locale\" content=\"en_US\" \/>\n<meta property=\"og:type\" content=\"article\" \/>\n<meta property=\"og:title\" content=\"Change notifier - CertUnion\" \/>\n<meta property=\"og:description\" content=\"V\u00e1ltoz\u00e1s bejelent\u0151 \u00datmutat\u00f3 Amennyiben a k\u00f6telez\u0151en kit\u00f6ltend\u0151 mez\u0151kbe nincs olyan inform\u00e1ci\u00f3, amelyet felt\u00fcntetne, k\u00e9rj\u00fck sz\u00edveskedjen oda\u00edrni: &#8220;nincs adat\/inform\u00e1ci\u00f3&#8221;. Az ilyen esetekben, tan\u00fas\u00edt\u00f3 szervezet\u00fcnk munkat\u00e1rsa az aj\u00e1nlatk\u00e9r\u00e9s feldolgoz\u00e1sa sor\u00e1n felveszi \u00d6nnel a kapcsolatot tov\u00e1bbi egyeztet\u00e9s c\u00e9lj\u00e1b\u00f3l. [\u2026]\" \/>\n<meta property=\"og:url\" content=\"https:\/\/certunion.com\/en\/change-notifier\/\" \/>\n<meta property=\"og:site_name\" content=\"CertUnion\" \/>\n<meta property=\"article:publisher\" content=\"https:\/\/www.facebook.com\/CertUnion\" \/>\n<meta property=\"article:modified_time\" content=\"2020-04-07T09:23:12+00:00\" \/>\n<script type=\"application\/ld+json\" class=\"yoast-schema-graph\">{\"@context\":\"https:\\\/\\\/schema.org\",\"@graph\":[{\"@type\":\"WebPage\",\"@id\":\"https:\\\/\\\/certunion.com\\\/en\\\/change-notifier\\\/\",\"url\":\"https:\\\/\\\/certunion.com\\\/en\\\/change-notifier\\\/\",\"name\":\"Change notifier - CertUnion\",\"isPartOf\":{\"@id\":\"https:\\\/\\\/certunion.com\\\/#website\"},\"datePublished\":\"2012-04-24T09:27:56+00:00\",\"dateModified\":\"2020-04-07T09:23:12+00:00\",\"breadcrumb\":{\"@id\":\"https:\\\/\\\/certunion.com\\\/en\\\/change-notifier\\\/#breadcrumb\"},\"inLanguage\":\"en-US\",\"potentialAction\":[{\"@type\":\"ReadAction\",\"target\":[\"https:\\\/\\\/certunion.com\\\/en\\\/change-notifier\\\/\"]}]},{\"@type\":\"BreadcrumbList\",\"@id\":\"https:\\\/\\\/certunion.com\\\/en\\\/change-notifier\\\/#breadcrumb\",\"itemListElement\":[{\"@type\":\"ListItem\",\"position\":1,\"name\":\"Home\",\"item\":\"https:\\\/\\\/certunion.com\\\/en\\\/\"},{\"@type\":\"ListItem\",\"position\":2,\"name\":\"Change notifier\"}]},{\"@type\":\"WebSite\",\"@id\":\"https:\\\/\\\/certunion.com\\\/#website\",\"url\":\"https:\\\/\\\/certunion.com\\\/\",\"name\":\"CertUnion\",\"description\":\"Sz\u00f6vets\u00e9g a tan\u00fas\u00edt\u00e1sban\",\"potentialAction\":[{\"@type\":\"SearchAction\",\"target\":{\"@type\":\"EntryPoint\",\"urlTemplate\":\"https:\\\/\\\/certunion.com\\\/?s={search_term_string}\"},\"query-input\":{\"@type\":\"PropertyValueSpecification\",\"valueRequired\":true,\"valueName\":\"search_term_string\"}}],\"inLanguage\":\"en-US\"}]}<\/script>\n<!-- \/ Yoast SEO plugin. -->","yoast_head_json":{"title":"Change notifier - CertUnion","robots":{"index":"noindex","follow":"follow"},"og_locale":"en_US","og_type":"article","og_title":"Change notifier - CertUnion","og_description":"V\u00e1ltoz\u00e1s bejelent\u0151 \u00datmutat\u00f3 Amennyiben a k\u00f6telez\u0151en kit\u00f6ltend\u0151 mez\u0151kbe nincs olyan inform\u00e1ci\u00f3, amelyet felt\u00fcntetne, k\u00e9rj\u00fck sz\u00edveskedjen oda\u00edrni: &#8220;nincs adat\/inform\u00e1ci\u00f3&#8221;. Az ilyen esetekben, tan\u00fas\u00edt\u00f3 szervezet\u00fcnk munkat\u00e1rsa az aj\u00e1nlatk\u00e9r\u00e9s feldolgoz\u00e1sa sor\u00e1n felveszi \u00d6nnel a kapcsolatot tov\u00e1bbi egyeztet\u00e9s c\u00e9lj\u00e1b\u00f3l. [\u2026]","og_url":"https:\/\/certunion.com\/en\/change-notifier\/","og_site_name":"CertUnion","article_publisher":"https:\/\/www.facebook.com\/CertUnion","article_modified_time":"2020-04-07T09:23:12+00:00","schema":{"@context":"https:\/\/schema.org","@graph":[{"@type":"WebPage","@id":"https:\/\/certunion.com\/en\/change-notifier\/","url":"https:\/\/certunion.com\/en\/change-notifier\/","name":"Change notifier - CertUnion","isPartOf":{"@id":"https:\/\/certunion.com\/#website"},"datePublished":"2012-04-24T09:27:56+00:00","dateModified":"2020-04-07T09:23:12+00:00","breadcrumb":{"@id":"https:\/\/certunion.com\/en\/change-notifier\/#breadcrumb"},"inLanguage":"en-US","potentialAction":[{"@type":"ReadAction","target":["https:\/\/certunion.com\/en\/change-notifier\/"]}]},{"@type":"BreadcrumbList","@id":"https:\/\/certunion.com\/en\/change-notifier\/#breadcrumb","itemListElement":[{"@type":"ListItem","position":1,"name":"Home","item":"https:\/\/certunion.com\/en\/"},{"@type":"ListItem","position":2,"name":"Change notifier"}]},{"@type":"WebSite","@id":"https:\/\/certunion.com\/#website","url":"https:\/\/certunion.com\/","name":"CertUnion","description":"Sz\u00f6vets\u00e9g a tan\u00fas\u00edt\u00e1sban","potentialAction":[{"@type":"SearchAction","target":{"@type":"EntryPoint","urlTemplate":"https:\/\/certunion.com\/?s={search_term_string}"},"query-input":{"@type":"PropertyValueSpecification","valueRequired":true,"valueName":"search_term_string"}}],"inLanguage":"en-US"}]}},"_links":{"self":[{"href":"https:\/\/certunion.com\/en\/wp-json\/wp\/v2\/pages\/3854","targetHints":{"allow":["GET"]}}],"collection":[{"href":"https:\/\/certunion.com\/en\/wp-json\/wp\/v2\/pages"}],"about":[{"href":"https:\/\/certunion.com\/en\/wp-json\/wp\/v2\/types\/page"}],"author":[{"embeddable":true,"href":"https:\/\/certunion.com\/en\/wp-json\/wp\/v2\/users\/5"}],"replies":[{"embeddable":true,"href":"https:\/\/certunion.com\/en\/wp-json\/wp\/v2\/comments?post=3854"}],"version-history":[{"count":2,"href":"https:\/\/certunion.com\/en\/wp-json\/wp\/v2\/pages\/3854\/revisions"}],"predecessor-version":[{"id":3857,"href":"https:\/\/certunion.com\/en\/wp-json\/wp\/v2\/pages\/3854\/revisions\/3857"}],"wp:attachment":[{"href":"https:\/\/certunion.com\/en\/wp-json\/wp\/v2\/media?parent=3854"}],"curies":[{"name":"wp","href":"https:\/\/api.w.org\/{rel}","templated":true}]}}