{"id":6431,"date":"2020-04-03T13:55:42","date_gmt":"2020-04-03T11:55:42","guid":{"rendered":"https:\/\/certunion.com\/certification\/iso-9001-2\/"},"modified":"2026-03-20T11:40:51","modified_gmt":"2026-03-20T10:40:51","slug":"iso-9001","status":"publish","type":"page","link":"https:\/\/certunion.com\/en\/certification\/iso-9001\/","title":{"rendered":"ISO 9001"},"content":{"rendered":"","protected":false},"excerpt":{"rendered":"","protected":false},"author":10,"featured_media":-1,"parent":3723,"menu_order":0,"comment_status":"closed","ping_status":"closed","template":"","meta":{"footnotes":""},"class_list":["post-6431","page","type-page","status-publish","has-post-thumbnail","hentry"],"yoast_head":"<!-- This site is optimized with the Yoast SEO plugin v27.2 - https:\/\/yoast.com\/product\/yoast-seo-wordpress\/ -->\n<title>ISO 9001 - CertUnion<\/title>\n<meta name=\"description\" content=\"Az ISO 9001 tan\u00fas\u00edt\u00e1s egy min\u0151s\u00e9gi mutat\u00f3, mely kifel\u00e9 azt mutatja a szervezetr\u0151l, hogy \u00f6nmag\u00e1val szemben t\u00e1masztott ig\u00e9nyi mesze t\u00falsz\u00e1rnyalj\u00e1k az \u00e1tlagot.\" \/>\n<meta name=\"robots\" content=\"index, follow, max-snippet:-1, max-image-preview:large, max-video-preview:-1\" \/>\n<link rel=\"canonical\" href=\"https:\/\/certunion.com\/en\/certification\/iso-9001\/\" \/>\n<meta property=\"og:locale\" content=\"en_US\" \/>\n<meta property=\"og:type\" content=\"article\" \/>\n<meta property=\"og:title\" content=\"ISO 9001 - CertUnion\" \/>\n<meta property=\"og:description\" content=\"Az ISO 9001 tan\u00fas\u00edt\u00e1s egy min\u0151s\u00e9gi mutat\u00f3, mely kifel\u00e9 azt mutatja a szervezetr\u0151l, hogy \u00f6nmag\u00e1val szemben t\u00e1masztott ig\u00e9nyi mesze t\u00falsz\u00e1rnyalj\u00e1k az \u00e1tlagot.\" \/>\n<meta property=\"og:url\" content=\"https:\/\/certunion.com\/en\/certification\/iso-9001\/\" \/>\n<meta property=\"og:site_name\" content=\"CertUnion\" \/>\n<meta property=\"article:publisher\" content=\"https:\/\/www.facebook.com\/CertUnion\" \/>\n<meta property=\"article:modified_time\" content=\"2026-03-20T10:40:51+00:00\" \/>\n<script type=\"application\/ld+json\" class=\"yoast-schema-graph\">{\"@context\":\"https:\/\/schema.org\",\"@graph\":[{\"@type\":\"WebPage\",\"@id\":\"https:\/\/certunion.com\/en\/certification\/iso-9001\/\",\"url\":\"https:\/\/certunion.com\/en\/certification\/iso-9001\/\",\"name\":\"ISO 9001 - CertUnion\",\"isPartOf\":{\"@id\":\"https:\/\/certunion.com\/#website\"},\"datePublished\":\"2020-04-03T11:55:42+00:00\",\"dateModified\":\"2026-03-20T10:40:51+00:00\",\"description\":\"Az ISO 9001 tan\u00fas\u00edt\u00e1s egy min\u0151s\u00e9gi mutat\u00f3, mely kifel\u00e9 azt mutatja a szervezetr\u0151l, hogy \u00f6nmag\u00e1val szemben t\u00e1masztott ig\u00e9nyi mesze t\u00falsz\u00e1rnyalj\u00e1k az \u00e1tlagot.\",\"breadcrumb\":{\"@id\":\"https:\/\/certunion.com\/en\/certification\/iso-9001\/#breadcrumb\"},\"inLanguage\":\"en-US\",\"potentialAction\":[{\"@type\":\"ReadAction\",\"target\":[\"https:\/\/certunion.com\/en\/certification\/iso-9001\/\"]}]},{\"@type\":\"BreadcrumbList\",\"@id\":\"https:\/\/certunion.com\/en\/certification\/iso-9001\/#breadcrumb\",\"itemListElement\":[{\"@type\":\"ListItem\",\"position\":1,\"name\":\"Home\",\"item\":\"https:\/\/certunion.com\/en\/\"},{\"@type\":\"ListItem\",\"position\":2,\"name\":\"Certification en\",\"item\":\"https:\/\/certunion.com\/en\/certification\/\"},{\"@type\":\"ListItem\",\"position\":3,\"name\":\"ISO 9001\"}]},{\"@type\":\"WebSite\",\"@id\":\"https:\/\/certunion.com\/#website\",\"url\":\"https:\/\/certunion.com\/\",\"name\":\"CertUnion\",\"description\":\"Sz\u00f6vets\u00e9g a tan\u00fas\u00edt\u00e1sban\",\"potentialAction\":[{\"@type\":\"SearchAction\",\"target\":{\"@type\":\"EntryPoint\",\"urlTemplate\":\"https:\/\/certunion.com\/?s={search_term_string}\"},\"query-input\":{\"@type\":\"PropertyValueSpecification\",\"valueRequired\":true,\"valueName\":\"search_term_string\"}}],\"inLanguage\":\"en-US\"}]}<\/script>\n<!-- \/ Yoast SEO plugin. -->","yoast_head_json":{"title":"ISO 9001 - CertUnion","description":"Az ISO 9001 tan\u00fas\u00edt\u00e1s egy min\u0151s\u00e9gi mutat\u00f3, mely kifel\u00e9 azt mutatja a szervezetr\u0151l, hogy \u00f6nmag\u00e1val szemben t\u00e1masztott ig\u00e9nyi mesze t\u00falsz\u00e1rnyalj\u00e1k az \u00e1tlagot.","robots":{"index":"index","follow":"follow","max-snippet":"max-snippet:-1","max-image-preview":"max-image-preview:large","max-video-preview":"max-video-preview:-1"},"canonical":"https:\/\/certunion.com\/en\/certification\/iso-9001\/","og_locale":"en_US","og_type":"article","og_title":"ISO 9001 - CertUnion","og_description":"Az ISO 9001 tan\u00fas\u00edt\u00e1s egy min\u0151s\u00e9gi mutat\u00f3, mely kifel\u00e9 azt mutatja a szervezetr\u0151l, hogy \u00f6nmag\u00e1val szemben t\u00e1masztott ig\u00e9nyi mesze t\u00falsz\u00e1rnyalj\u00e1k az \u00e1tlagot.","og_url":"https:\/\/certunion.com\/en\/certification\/iso-9001\/","og_site_name":"CertUnion","article_publisher":"https:\/\/www.facebook.com\/CertUnion","article_modified_time":"2026-03-20T10:40:51+00:00","schema":{"@context":"https:\/\/schema.org","@graph":[{"@type":"WebPage","@id":"https:\/\/certunion.com\/en\/certification\/iso-9001\/","url":"https:\/\/certunion.com\/en\/certification\/iso-9001\/","name":"ISO 9001 - CertUnion","isPartOf":{"@id":"https:\/\/certunion.com\/#website"},"datePublished":"2020-04-03T11:55:42+00:00","dateModified":"2026-03-20T10:40:51+00:00","description":"Az ISO 9001 tan\u00fas\u00edt\u00e1s egy min\u0151s\u00e9gi mutat\u00f3, mely kifel\u00e9 azt mutatja a szervezetr\u0151l, hogy \u00f6nmag\u00e1val szemben t\u00e1masztott ig\u00e9nyi mesze t\u00falsz\u00e1rnyalj\u00e1k az \u00e1tlagot.","breadcrumb":{"@id":"https:\/\/certunion.com\/en\/certification\/iso-9001\/#breadcrumb"},"inLanguage":"en-US","potentialAction":[{"@type":"ReadAction","target":["https:\/\/certunion.com\/en\/certification\/iso-9001\/"]}]},{"@type":"BreadcrumbList","@id":"https:\/\/certunion.com\/en\/certification\/iso-9001\/#breadcrumb","itemListElement":[{"@type":"ListItem","position":1,"name":"Home","item":"https:\/\/certunion.com\/en\/"},{"@type":"ListItem","position":2,"name":"Certification en","item":"https:\/\/certunion.com\/en\/certification\/"},{"@type":"ListItem","position":3,"name":"ISO 9001"}]},{"@type":"WebSite","@id":"https:\/\/certunion.com\/#website","url":"https:\/\/certunion.com\/","name":"CertUnion","description":"Sz\u00f6vets\u00e9g a tan\u00fas\u00edt\u00e1sban","potentialAction":[{"@type":"SearchAction","target":{"@type":"EntryPoint","urlTemplate":"https:\/\/certunion.com\/?s={search_term_string}"},"query-input":{"@type":"PropertyValueSpecification","valueRequired":true,"valueName":"search_term_string"}}],"inLanguage":"en-US"}]}},"_links":{"self":[{"href":"https:\/\/certunion.com\/en\/wp-json\/wp\/v2\/pages\/6431","targetHints":{"allow":["GET"]}}],"collection":[{"href":"https:\/\/certunion.com\/en\/wp-json\/wp\/v2\/pages"}],"about":[{"href":"https:\/\/certunion.com\/en\/wp-json\/wp\/v2\/types\/page"}],"author":[{"embeddable":true,"href":"https:\/\/certunion.com\/en\/wp-json\/wp\/v2\/users\/10"}],"replies":[{"embeddable":true,"href":"https:\/\/certunion.com\/en\/wp-json\/wp\/v2\/comments?post=6431"}],"version-history":[{"count":1,"href":"https:\/\/certunion.com\/en\/wp-json\/wp\/v2\/pages\/6431\/revisions"}],"predecessor-version":[{"id":6432,"href":"https:\/\/certunion.com\/en\/wp-json\/wp\/v2\/pages\/6431\/revisions\/6432"}],"up":[{"embeddable":true,"href":"https:\/\/certunion.com\/en\/wp-json\/wp\/v2\/pages\/3723"}],"wp:featuredmedia":[{"embeddable":true,"href":"https:\/\/certunion.com\/en\/wp-json\/"}],"wp:attachment":[{"href":"https:\/\/certunion.com\/en\/wp-json\/wp\/v2\/media?parent=6431"}],"curies":[{"name":"wp","href":"https:\/\/api.w.org\/{rel}","templated":true}]}}